{"id":10488,"date":"2025-11-02T13:58:36","date_gmt":"2025-11-02T13:58:36","guid":{"rendered":"https:\/\/icccreditcapital.com\/?page_id=10488"},"modified":"2026-01-29T12:06:46","modified_gmt":"2026-01-29T12:06:46","slug":"finance","status":"publish","type":"page","link":"https:\/\/icccreditcapital.com\/tr\/finance\/","title":{"rendered":"Finans"},"content":{"rendered":"<div data-elementor-type=\"wp-page\" data-elementor-id=\"10488\" class=\"elementor elementor-10488\" data-elementor-post-type=\"page\">\n\t\t\t\t\t\t<section data-particle_enable=\"false\" data-particle-mobile-disabled=\"false\" class=\"elementor-section elementor-top-section elementor-element elementor-element-dc36d44 elementor-section-full_width qodef-elementor-content-grid elementor-section-height-default elementor-section-height-default\" data-id=\"dc36d44\" data-element_type=\"section\" data-e-type=\"section\">\n\t\t\t\t\t\t<div class=\"elementor-container elementor-column-gap-default\">\n\t\t\t\t\t<div class=\"elementor-column elementor-col-33 elementor-top-column elementor-element elementor-element-29009b1\" data-id=\"29009b1\" data-element_type=\"column\" data-e-type=\"column\">\n\t\t\t<div class=\"elementor-widget-wrap elementor-element-populated\">\n\t\t\t\t\t\t<section data-particle_enable=\"false\" data-particle-mobile-disabled=\"false\" class=\"elementor-section elementor-inner-section elementor-element elementor-element-2e7835b elementor-section-boxed elementor-section-height-default elementor-section-height-default qodef-elementor-content-no\" data-id=\"2e7835b\" data-element_type=\"section\" data-e-type=\"section\">\n\t\t\t\t\t\t<div class=\"elementor-container elementor-column-gap-default\">\n\t\t\t\t\t<div class=\"elementor-column elementor-col-100 elementor-inner-column elementor-element elementor-element-9445372\" data-id=\"9445372\" data-element_type=\"column\" data-e-type=\"column\">\n\t\t\t<div class=\"elementor-widget-wrap elementor-element-populated\">\n\t\t\t\t\t\t<div class=\"elementor-element elementor-element-503d89d elementor-widget elementor-widget-halstein_core_single_image\" data-id=\"503d89d\" data-element_type=\"widget\" data-e-type=\"widget\" data-widget_type=\"halstein_core_single_image.default\">\n\t\t\t\t<div class=\"elementor-widget-container\">\n\t\t\t\t\t<div class=\"qodef-shortcode qodef-m qodef-single-image qodef-layout--default\">\n\t<div class=\"qodef-m-image\">\n\t\t\t\t<img decoding=\"async\" width=\"1\" height=\"290\" src=\"https:\/\/icccreditcapital.com\/wp-content\/uploads\/2021\/10\/h1-img-014.png\" class=\"attachment-full size-full\" alt=\"t\" \/>\t\t\t<\/div>\n<\/div>\n\t\t\t\t<\/div>\n\t\t\t\t<\/div>\n\t\t\t\t\t<\/div>\n\t\t<\/div>\n\t\t\t\t\t<\/div>\n\t\t<\/section>\n\t\t\t\t\t<\/div>\n\t\t<\/div>\n\t\t\t\t<div class=\"elementor-column elementor-col-66 elementor-top-column elementor-element elementor-element-55a6172\" data-id=\"55a6172\" data-element_type=\"column\" data-e-type=\"column\">\n\t\t\t<div class=\"elementor-widget-wrap elementor-element-populated\">\n\t\t\t\t\t\t<div class=\"elementor-element elementor-element-9c74d8a elementor-widget__width-initial elementor-widget elementor-widget-halstein_core_section_title\" data-id=\"9c74d8a\" data-element_type=\"widget\" data-e-type=\"widget\" data-widget_type=\"halstein_core_section_title.default\">\n\t\t\t\t<div class=\"elementor-widget-container\">\n\t\t\t\t\t<div class=\"qodef-shortcode qodef-m qodef-section-title qodef-alignment--left\">\n\t\t\t<h2 class=\"qodef-m-title\" style=\"font-size: 35px\">\n\t\t\t\t\tBu sadece fon y\u00f6netimi de\u011fil. Bu, stratejik sermaye d\u00fczenlemesi ve kurumsal varl\u0131k y\u00f6netimi kapasitesidir. <span class=\"qodef-highlight-text\" style=\"color: #B29063\">uzun vadeli finansal ama\u00e7lar i\u00e7in tasarlanm\u0131\u015ft\u0131r.<\/span> resilience.\t\t\t<\/h2>\n\t\t\t<\/div>\n\t\t\t\t<\/div>\n\t\t\t\t<\/div>\n\t\t\t\t<section data-particle_enable=\"false\" data-particle-mobile-disabled=\"false\" class=\"elementor-section elementor-inner-section elementor-element elementor-element-4027888 elementor-section-full_width elementor-section-height-default elementor-section-height-default qodef-elementor-content-no\" data-id=\"4027888\" data-element_type=\"section\" data-e-type=\"section\">\n\t\t\t\t\t\t<div class=\"elementor-container elementor-column-gap-default\">\n\t\t\t\t\t<div class=\"elementor-column elementor-col-100 elementor-inner-column elementor-element elementor-element-8f0ba53\" data-id=\"8f0ba53\" data-element_type=\"column\" data-e-type=\"column\">\n\t\t\t<div class=\"elementor-widget-wrap\">\n\t\t\t\t\t\t\t<\/div>\n\t\t<\/div>\n\t\t\t\t\t<\/div>\n\t\t<\/section>\n\t\t\t\t\t<\/div>\n\t\t<\/div>\n\t\t\t\t\t<\/div>\n\t\t<\/section>\n\t\t<div data-particle_enable=\"false\" data-particle-mobile-disabled=\"false\" class=\"elementor-element elementor-element-534b8ba e-flex e-con-boxed qodef-elementor-content-no e-con e-parent\" data-id=\"534b8ba\" data-element_type=\"container\" data-e-type=\"container\">\n\t\t\t\t\t<div class=\"e-con-inner\">\n\t\t<div data-particle_enable=\"false\" data-particle-mobile-disabled=\"false\" class=\"elementor-element elementor-element-8c2f586 e-con-full e-flex qodef-elementor-content-no e-con e-child\" data-id=\"8c2f586\" data-element_type=\"container\" data-e-type=\"container\">\n\t\t\t\t<div class=\"elementor-element elementor-element-6cbffaf elementor-widget elementor-widget-image\" data-id=\"6cbffaf\" data-element_type=\"widget\" data-e-type=\"widget\" data-widget_type=\"image.default\">\n\t\t\t\t\t\t\t\t\t\t\t\t\t\t\t<img fetchpriority=\"high\" decoding=\"async\" width=\"1024\" height=\"768\" src=\"https:\/\/icccreditcapital.com\/wp-content\/uploads\/2026\/01\/pexels-davidmcbee-730564-1024x768.jpg\" class=\"attachment-large size-large wp-image-10661\" alt=\"\" srcset=\"https:\/\/icccreditcapital.com\/wp-content\/uploads\/2026\/01\/pexels-davidmcbee-730564-1024x768.jpg 1024w, https:\/\/icccreditcapital.com\/wp-content\/uploads\/2026\/01\/pexels-davidmcbee-730564-300x225.jpg 300w, https:\/\/icccreditcapital.com\/wp-content\/uploads\/2026\/01\/pexels-davidmcbee-730564-768x576.jpg 768w, https:\/\/icccreditcapital.com\/wp-content\/uploads\/2026\/01\/pexels-davidmcbee-730564-1536x1152.jpg 1536w, https:\/\/icccreditcapital.com\/wp-content\/uploads\/2026\/01\/pexels-davidmcbee-730564-2048x1536.jpg 2048w, https:\/\/icccreditcapital.com\/wp-content\/uploads\/2026\/01\/pexels-davidmcbee-730564-16x12.jpg 16w, https:\/\/icccreditcapital.com\/wp-content\/uploads\/2026\/01\/pexels-davidmcbee-730564-600x450.jpg 600w\" sizes=\"(max-width: 1024px) 100vw, 1024px\" \/>\t\t\t\t\t\t\t\t\t\t\t\t\t\t\t<\/div>\n\t\t\t\t<\/div>\n\t\t<div data-particle_enable=\"false\" data-particle-mobile-disabled=\"false\" class=\"elementor-element elementor-element-b776030 e-con-full e-flex qodef-elementor-content-no e-con e-child\" data-id=\"b776030\" data-element_type=\"container\" data-e-type=\"container\">\n\t\t\t\t<div class=\"elementor-element elementor-element-a997029 elementor-widget elementor-widget-text-editor\" data-id=\"a997029\" data-element_type=\"widget\" data-e-type=\"widget\" data-widget_type=\"text-editor.default\">\n\t\t\t\t\t\t\t\t\t<p data-path-to-node=\"4\"><span class=\"\">Biz dura\u011fan bir \u00e7er\u00e7evede faaliyet g\u00f6stermiyoruz.<\/span><span class=\"\"> Geleneksel bir finans kurumunun tepkisel s\u0131n\u0131rlar\u0131.<\/span><span class=\"\"> Bizler, y\u00fcksek b\u00fct\u00fcnl\u00fc\u011fe sahip sermaye yap\u0131lar\u0131 ve kurumsal likidite kapasitesinin mimarlar\u0131 olarak g\u00f6rev yap\u0131yoruz.<\/span><span class=\"\"> K\u00fcresel piyasa dalgalanmalar\u0131n\u0131n \u015foklar\u0131na dayanacak \u015fekilde \u00f6zel olarak tasarlanm\u0131\u015ft\u0131r.<\/span><span class=\"\"> G\u00f6revimiz s\u00fcrd\u00fcr\u00fclebilir \u00f6l\u00e7eklendirmeyi sa\u011flamakt\u0131r.<\/span><span class=\"\"> S\u0131n\u0131r \u00f6tesi uyumlulu\u011fun titizlikle sa\u011flanmas\u0131,<\/span><span class=\"\">ve \u00e7e\u015fitli jeopolitik ortamlarda hassas ekonomik uyumun sa\u011flanmas\u0131na \u00f6nc\u00fcl\u00fck etmek.<\/span><span class=\"\"> Geli\u015fmi\u015f y\u00f6ntemleri sentezleyerek,<\/span><span class=\"\"> Veriye dayal\u0131 i\u00e7g\u00f6r\u00fc ve \u00fcst d\u00fczey stratejik koordinasyon,<\/span><span class=\"\"> Biz sadece i\u015flem kolayla\u015ft\u0131rman\u0131n \u00f6tesine ge\u00e7iyoruz; aktif olarak tasarl\u0131yoruz,<\/span><span class=\"\"> geni\u015fletmek,<\/span><span class=\"\">ve modern ticareti destekleyen ve kurumsal s\u00fcreklili\u011fi garanti eden kritik finansal a\u011flar\u0131 g\u00fcvence alt\u0131na almak.<\/span><\/p>\t\t\t\t\t\t\t\t<\/div>\n\t\t\t\t<\/div>\n\t\t\t\t\t<\/div>\n\t\t\t\t<\/div>\n\t\t\t\t<section data-particle_enable=\"false\" data-particle-mobile-disabled=\"false\" class=\"elementor-section elementor-top-section elementor-element elementor-element-6f88544 elementor-section-full_width qodef-elementor-content-grid elementor-section-height-default elementor-section-height-default\" data-id=\"6f88544\" data-element_type=\"section\" data-e-type=\"section\">\n\t\t\t\t\t\t<div class=\"elementor-container elementor-column-gap-default\">\n\t\t\t\t\t<div class=\"elementor-column elementor-col-100 elementor-top-column elementor-element elementor-element-bc17f53\" data-id=\"bc17f53\" data-element_type=\"column\" data-e-type=\"column\">\n\t\t\t<div class=\"elementor-widget-wrap elementor-element-populated\">\n\t\t\t\t\t\t<div class=\"elementor-element elementor-element-f6159e4 elementor-widget__width-initial elementor-widget elementor-widget-halstein_core_section_title\" data-id=\"f6159e4\" data-element_type=\"widget\" data-e-type=\"widget\" data-widget_type=\"halstein_core_section_title.default\">\n\t\t\t\t<div class=\"elementor-widget-container\">\n\t\t\t\t\t<div class=\"qodef-shortcode qodef-m qodef-section-title qodef-alignment--left\">\n\t\t\t<h2 class=\"qodef-m-title\" style=\"font-size: 35px\">\n\t\t\t\t\tYakla\u015f\u0131m\u0131m\u0131z \u015funlar\u0131 sa\u011flar:\t\t\t<\/h2>\n\t\t\t<\/div>\n\t\t\t\t<\/div>\n\t\t\t\t<\/div>\n\t\t\t\t<section data-particle_enable=\"false\" data-particle-mobile-disabled=\"false\" class=\"elementor-section elementor-inner-section elementor-element elementor-element-039603f elementor-section-boxed elementor-section-height-default elementor-section-height-default qodef-elementor-content-no\" data-id=\"039603f\" data-element_type=\"section\" data-e-type=\"section\">\n\t\t\t\t\t\t<div class=\"elementor-container elementor-column-gap-default\">\n\t\t\t\t\t<div class=\"elementor-column elementor-col-50 elementor-inner-column elementor-element elementor-element-b313fb7\" data-id=\"b313fb7\" data-element_type=\"column\" data-e-type=\"column\">\n\t\t\t<div class=\"elementor-widget-wrap elementor-element-populated\">\n\t\t\t\t\t\t<div class=\"elementor-element elementor-element-0f93ce8 elementor-widget elementor-widget-halstein_core_list_items\" data-id=\"0f93ce8\" data-element_type=\"widget\" data-e-type=\"widget\" data-widget_type=\"halstein_core_list_items.default\">\n\t\t\t\t<div class=\"elementor-widget-container\">\n\t\t\t\t\t<div class=\"qodef-shortcode qodef-m qodef-list-items qodef-layout--numbered-list\">\n\t\t\t<ol class=\"qodef-m-list\" >\n\t\t\t\t\t\t\t\t<li class=\"qodef-m-list-item\" >\n\t\t<h4 class=\"qodef-m-list-item-title\" >\n\t\t\t\tG\u00fcvenilir K\u00fcresel Sermaye Kapasitesi:\t\t\t<\/h4>\n\t<p class=\"qodef-m-list-item-text\" >\n\t\tPiyasa daralmas\u0131 veya kredi s\u0131k\u0131la\u015ft\u0131rmas\u0131 d\u00f6nemlerinde bile likiditenin g\u00fc\u00e7l\u00fc ve eri\u015filebilir kalmas\u0131n\u0131 sa\u011flamak amac\u0131yla, kritik fonlara ve stratejik yat\u0131r\u0131m ara\u00e7lar\u0131na derinlemesine, \u00e7e\u015fitlendirilmi\u015f ve yedekli eri\u015fim g\u00fcvencesi sunmak.\t<\/p>\n<\/li>\n\t\t\t\t\t\t\t\t<li class=\"qodef-m-list-item\" >\n\t\t<h4 class=\"qodef-m-list-item-title\" >\n\t\t\t\tDaha D\u00fc\u015f\u00fck Risk ve Operasyonel S\u00fcrt\u00fcnme\t\t\t<\/h4>\n\t<p class=\"qodef-m-list-item-text\" >\n\t\tYap\u0131land\u0131r\u0131lm\u0131\u015f, uyarlanabilir dayan\u0131kl\u0131l\u0131k modellerinin uygulanmas\u0131 yoluyla, karma\u015f\u0131k finansal dalgalanmalar\u0131, d\u00fczenleyici engelleri ve s\u0131n\u0131r \u00f6tesi k\u0131r\u0131lganl\u0131klar\u0131 sistematik olarak azaltmak ve piyasa de\u011fi\u015fimlerini ger\u00e7ekle\u015fmeden \u00f6nce \u00f6ng\u00f6rmek.\t<\/p>\n<\/li>\n\t\t\t\t\t\t\t\t<li class=\"qodef-m-list-item\" >\n\t\t<h4 class=\"qodef-m-list-item-title\" >\n\t\t\t\t\u00d6l\u00e7eklenebilir Finansal Ekosistemler\t\t\t<\/h4>\n\t<p class=\"qodef-m-list-item-text\" >\n\t\tKurumlar\u0131n sadece hayatta kalmak i\u00e7in de\u011fil, s\u00fcrd\u00fcr\u00fclebilir b\u00fcy\u00fcme i\u00e7in tasarlanm\u0131\u015f, geli\u015fmi\u015f ve uyarlanabilir varl\u0131k a\u011flar\u0131 olu\u015fturarak, kurumlar\u0131n zahmetsizce y\u00f6n de\u011fi\u015ftirmelerine ve kesin bir k\u00fcresel rekabet avantaj\u0131 elde etmelerine olanak sa\u011flamak.\t<\/p>\n<\/li>\n\t\t\t\t<\/ol>\n\t<\/div>\n\t\t\t\t<\/div>\n\t\t\t\t<\/div>\n\t\t\t\t\t<\/div>\n\t\t<\/div>\n\t\t\t\t<div class=\"elementor-column elementor-col-50 elementor-inner-column elementor-element elementor-element-0d98797\" data-id=\"0d98797\" data-element_type=\"column\" data-e-type=\"column\">\n\t\t\t<div class=\"elementor-widget-wrap elementor-element-populated\">\n\t\t\t\t\t\t<div class=\"elementor-element elementor-element-db9347b elementor-widget elementor-widget-halstein_core_list_items\" data-id=\"db9347b\" data-element_type=\"widget\" data-e-type=\"widget\" data-widget_type=\"halstein_core_list_items.default\">\n\t\t\t\t<div class=\"elementor-widget-container\">\n\t\t\t\t\t<div class=\"qodef-shortcode qodef-m qodef-list-items qodef-layout--numbered-list\">\n\t\t\t<ol class=\"qodef-m-list\" style=\"counter-reset: counter 3\">\n\t\t\t\t\t\t\t\t<li class=\"qodef-m-list-item\" >\n\t\t<h4 class=\"qodef-m-list-item-title\" >\n\t\t\t\t\u00d6ng\u00f6r\u00fcc\u00fc Ekonomik Zeka\t\t\t<\/h4>\n\t<p class=\"qodef-m-list-item-text\" >\n\t\tGeli\u015fmi\u015f veri analiti\u011finden yararlanarak piyasa de\u011fi\u015fimlerini ve makroekonomik trendleri \u00f6ng\u00f6rmek, reaktif savunma yerine proaktif sermaye pozisyonlamas\u0131na olanak tan\u0131r.\t<\/p>\n<\/li>\n\t\t\t\t\t\t\t\t<li class=\"qodef-m-list-item\" >\n\t\t<h4 class=\"qodef-m-list-item-title\" >\n\t\t\t\tS\u0131n\u0131r \u00d6tesi D\u00fczenleyici Uyum\t\t\t<\/h4>\n\t<p class=\"qodef-m-list-item-text\" >\n\t\tKarma\u015f\u0131k uluslararas\u0131 hukuk \u00e7er\u00e7evelerinde hassasiyetle yol alarak, k\u00fcresel i\u015flemlerde sorunsuz uyumlulu\u011fu sa\u011flamak ve yarg\u0131 yetkisi kaynakl\u0131 s\u00fcrt\u00fc\u015fmeleri ortadan kald\u0131rmak.\t<\/p>\n<\/li>\n\t\t\t\t\t\t\t\t<li class=\"qodef-m-list-item\" >\n\t\t<h4 class=\"qodef-m-list-item-title\" >\n\t\t\t\tDinamik Varl\u0131k Tahsisi\t\t\t<\/h4>\n\t<p class=\"qodef-m-list-item-text\" >\n\t\tH\u0131zl\u0131 sermaye yeniden da\u011f\u0131t\u0131m\u0131na olanak tan\u0131yan, getiri potansiyelini en \u00fcst d\u00fczeye \u00e7\u0131kar\u0131rken temel kurumsal anaparay\u0131 koruyan \u00e7evik yat\u0131r\u0131m stratejileri uygulamak.\t<\/p>\n<\/li>\n\t\t\t\t<\/ol>\n\t<\/div>\n\t\t\t\t<\/div>\n\t\t\t\t<\/div>\n\t\t\t\t\t<\/div>\n\t\t<\/div>\n\t\t\t\t\t<\/div>\n\t\t<\/section>\n\t\t\t\t\t<\/div>\n\t\t<\/div>\n\t\t\t\t\t<\/div>\n\t\t<\/section>\n\t\t\t\t<\/div>","protected":false},"excerpt":{"rendered":"<p>This is not just fund management. It is strategic capital orchestration and institutional asset capability \u2014 engineered for long-term financial resilience. We do not operate within the static, reactive boundaries of a conventional financial institution. We function as the architects of high-integrity capital structures and institutional liquidity capacity, explicitly designed to withstand the shocks of [&hellip;]<\/p>\n","protected":false},"author":1,"featured_media":0,"parent":0,"menu_order":0,"comment_status":"closed","ping_status":"closed","template":"page-full-width.php","meta":{"footnotes":""},"class_list":["post-10488","page","type-page","status-publish","hentry"],"_links":{"self":[{"href":"https:\/\/icccreditcapital.com\/tr\/wp-json\/wp\/v2\/pages\/10488","targetHints":{"allow":["GET"]}}],"collection":[{"href":"https:\/\/icccreditcapital.com\/tr\/wp-json\/wp\/v2\/pages"}],"about":[{"href":"https:\/\/icccreditcapital.com\/tr\/wp-json\/wp\/v2\/types\/page"}],"author":[{"embeddable":true,"href":"https:\/\/icccreditcapital.com\/tr\/wp-json\/wp\/v2\/users\/1"}],"replies":[{"embeddable":true,"href":"https:\/\/icccreditcapital.com\/tr\/wp-json\/wp\/v2\/comments?post=10488"}],"version-history":[{"count":29,"href":"https:\/\/icccreditcapital.com\/tr\/wp-json\/wp\/v2\/pages\/10488\/revisions"}],"predecessor-version":[{"id":10668,"href":"https:\/\/icccreditcapital.com\/tr\/wp-json\/wp\/v2\/pages\/10488\/revisions\/10668"}],"wp:attachment":[{"href":"https:\/\/icccreditcapital.com\/tr\/wp-json\/wp\/v2\/media?parent=10488"}],"curies":[{"name":"wp","href":"https:\/\/api.w.org\/{rel}","templated":true}]}}