{"id":10490,"date":"2025-11-02T13:59:24","date_gmt":"2025-11-02T13:59:24","guid":{"rendered":"https:\/\/icccreditcapital.com\/?page_id=10490"},"modified":"2026-01-29T12:09:21","modified_gmt":"2026-01-29T12:09:21","slug":"energy","status":"publish","type":"page","link":"https:\/\/icccreditcapital.com\/tr\/energy\/","title":{"rendered":"Enerji"},"content":{"rendered":"<div data-elementor-type=\"wp-page\" data-elementor-id=\"10490\" class=\"elementor elementor-10490\" data-elementor-post-type=\"page\">\n\t\t\t\t\t\t<section data-particle_enable=\"false\" data-particle-mobile-disabled=\"false\" class=\"elementor-section elementor-top-section elementor-element elementor-element-dc36d44 elementor-section-full_width qodef-elementor-content-grid elementor-section-height-default elementor-section-height-default\" data-id=\"dc36d44\" data-element_type=\"section\" data-e-type=\"section\">\n\t\t\t\t\t\t<div class=\"elementor-container elementor-column-gap-default\">\n\t\t\t\t\t<div class=\"elementor-column elementor-col-33 elementor-top-column elementor-element elementor-element-29009b1\" data-id=\"29009b1\" data-element_type=\"column\" data-e-type=\"column\">\n\t\t\t<div class=\"elementor-widget-wrap elementor-element-populated\">\n\t\t\t\t\t\t<section data-particle_enable=\"false\" data-particle-mobile-disabled=\"false\" class=\"elementor-section elementor-inner-section elementor-element elementor-element-2e7835b elementor-section-boxed elementor-section-height-default elementor-section-height-default qodef-elementor-content-no\" data-id=\"2e7835b\" data-element_type=\"section\" data-e-type=\"section\">\n\t\t\t\t\t\t<div class=\"elementor-container elementor-column-gap-default\">\n\t\t\t\t\t<div class=\"elementor-column elementor-col-100 elementor-inner-column elementor-element elementor-element-9445372\" data-id=\"9445372\" data-element_type=\"column\" data-e-type=\"column\">\n\t\t\t<div class=\"elementor-widget-wrap elementor-element-populated\">\n\t\t\t\t\t\t<div class=\"elementor-element elementor-element-503d89d elementor-widget elementor-widget-halstein_core_single_image\" data-id=\"503d89d\" data-element_type=\"widget\" data-e-type=\"widget\" data-widget_type=\"halstein_core_single_image.default\">\n\t\t\t\t<div class=\"elementor-widget-container\">\n\t\t\t\t\t<div class=\"qodef-shortcode qodef-m qodef-single-image qodef-layout--default\">\n\t<div class=\"qodef-m-image\">\n\t\t\t\t<img decoding=\"async\" width=\"1\" height=\"290\" src=\"https:\/\/icccreditcapital.com\/wp-content\/uploads\/2021\/10\/h1-img-014.png\" class=\"attachment-full size-full\" alt=\"t\" \/>\t\t\t<\/div>\n<\/div>\n\t\t\t\t<\/div>\n\t\t\t\t<\/div>\n\t\t\t\t\t<\/div>\n\t\t<\/div>\n\t\t\t\t\t<\/div>\n\t\t<\/section>\n\t\t\t\t\t<\/div>\n\t\t<\/div>\n\t\t\t\t<div class=\"elementor-column elementor-col-66 elementor-top-column elementor-element elementor-element-55a6172\" data-id=\"55a6172\" data-element_type=\"column\" data-e-type=\"column\">\n\t\t\t<div class=\"elementor-widget-wrap elementor-element-populated\">\n\t\t\t\t\t\t<div class=\"elementor-element elementor-element-9c74d8a elementor-widget__width-initial elementor-widget elementor-widget-halstein_core_section_title\" data-id=\"9c74d8a\" data-element_type=\"widget\" data-e-type=\"widget\" data-widget_type=\"halstein_core_section_title.default\">\n\t\t\t\t<div class=\"elementor-widget-container\">\n\t\t\t\t\t<div class=\"qodef-shortcode qodef-m qodef-section-title qodef-alignment--left\">\n\t\t\t<h2 class=\"qodef-m-title\" style=\"font-size: 35px\">\n\t\t\t\t\tBu basit bir ticari \u00fcr\u00fcn de\u011fil. <span class=\"qodef-highlight-text\" style=\"color: #B29063\">Stratejik kaynak g\u00fcvenli\u011fi ve altyap\u0131 s\u00fcreklili\u011fi sa\u011flayan bir m\u00fchendislik \u00fcr\u00fcn\u00fc.<\/span> \u00c7al\u0131\u015fmalar\u0131m\u0131z k\u00fcresel enerji egemenli\u011fi ve tedarik zinciri hakimiyetini m\u00fcmk\u00fcn k\u0131lar.\t\t\t<\/h2>\n\t\t\t<\/div>\n\t\t\t\t<\/div>\n\t\t\t\t<\/div>\n\t\t\t\t<section data-particle_enable=\"false\" data-particle-mobile-disabled=\"false\" class=\"elementor-section elementor-inner-section elementor-element elementor-element-4027888 elementor-section-full_width elementor-section-height-default elementor-section-height-default qodef-elementor-content-no\" data-id=\"4027888\" data-element_type=\"section\" data-e-type=\"section\">\n\t\t\t\t\t\t<div class=\"elementor-container elementor-column-gap-default\">\n\t\t\t\t\t<div class=\"elementor-column elementor-col-100 elementor-inner-column elementor-element elementor-element-8f0ba53\" data-id=\"8f0ba53\" data-element_type=\"column\" data-e-type=\"column\">\n\t\t\t<div class=\"elementor-widget-wrap\">\n\t\t\t\t\t\t\t<\/div>\n\t\t<\/div>\n\t\t\t\t\t<\/div>\n\t\t<\/section>\n\t\t\t\t\t<\/div>\n\t\t<\/div>\n\t\t\t\t\t<\/div>\n\t\t<\/section>\n\t\t<div data-particle_enable=\"false\" data-particle-mobile-disabled=\"false\" class=\"elementor-element elementor-element-534b8ba e-flex e-con-boxed qodef-elementor-content-no e-con e-parent\" data-id=\"534b8ba\" data-element_type=\"container\" data-e-type=\"container\">\n\t\t\t\t\t<div class=\"e-con-inner\">\n\t\t<div data-particle_enable=\"false\" data-particle-mobile-disabled=\"false\" class=\"elementor-element elementor-element-8c2f586 e-con-full e-flex qodef-elementor-content-no e-con e-child\" data-id=\"8c2f586\" data-element_type=\"container\" data-e-type=\"container\">\n\t\t\t\t<div class=\"elementor-element elementor-element-90d724d elementor-widget elementor-widget-spacer\" data-id=\"90d724d\" data-element_type=\"widget\" data-e-type=\"widget\" data-widget_type=\"spacer.default\">\n\t\t\t\t\t\t\t<div class=\"elementor-spacer\">\n\t\t\t<div class=\"elementor-spacer-inner\"><\/div>\n\t\t<\/div>\n\t\t\t\t\t\t<\/div>\n\t\t\t\t<div class=\"elementor-element elementor-element-6cbffaf elementor-widget elementor-widget-image\" data-id=\"6cbffaf\" data-element_type=\"widget\" data-e-type=\"widget\" data-widget_type=\"image.default\">\n\t\t\t\t\t\t\t\t\t\t\t\t\t\t\t<img fetchpriority=\"high\" decoding=\"async\" width=\"2560\" height=\"1707\" src=\"https:\/\/icccreditcapital.com\/wp-content\/uploads\/2025\/11\/pexels-nate-274598-1036657-scaled.jpg\" class=\"attachment-full size-full wp-image-10523\" alt=\"\" srcset=\"https:\/\/icccreditcapital.com\/wp-content\/uploads\/2025\/11\/pexels-nate-274598-1036657-scaled.jpg 2560w, https:\/\/icccreditcapital.com\/wp-content\/uploads\/2025\/11\/pexels-nate-274598-1036657-300x200.jpg 300w, https:\/\/icccreditcapital.com\/wp-content\/uploads\/2025\/11\/pexels-nate-274598-1036657-1024x683.jpg 1024w, https:\/\/icccreditcapital.com\/wp-content\/uploads\/2025\/11\/pexels-nate-274598-1036657-768x512.jpg 768w, https:\/\/icccreditcapital.com\/wp-content\/uploads\/2025\/11\/pexels-nate-274598-1036657-1536x1024.jpg 1536w, https:\/\/icccreditcapital.com\/wp-content\/uploads\/2025\/11\/pexels-nate-274598-1036657-2048x1365.jpg 2048w, https:\/\/icccreditcapital.com\/wp-content\/uploads\/2025\/11\/pexels-nate-274598-1036657-600x400.jpg 600w\" sizes=\"(max-width: 2560px) 100vw, 2560px\" \/>\t\t\t\t\t\t\t\t\t\t\t\t\t\t\t<\/div>\n\t\t\t\t<\/div>\n\t\t<div data-particle_enable=\"false\" data-particle-mobile-disabled=\"false\" class=\"elementor-element elementor-element-b776030 e-con-full e-flex qodef-elementor-content-no e-con e-child\" data-id=\"b776030\" data-element_type=\"container\" data-e-type=\"container\">\n\t\t\t\t<div class=\"elementor-element elementor-element-9eab5ba elementor-widget elementor-widget-spacer\" data-id=\"9eab5ba\" data-element_type=\"widget\" data-e-type=\"widget\" data-widget_type=\"spacer.default\">\n\t\t\t\t\t\t\t<div class=\"elementor-spacer\">\n\t\t\t<div class=\"elementor-spacer-inner\"><\/div>\n\t\t<\/div>\n\t\t\t\t\t\t<\/div>\n\t\t\t\t<div class=\"elementor-element elementor-element-a997029 elementor-widget elementor-widget-text-editor\" data-id=\"a997029\" data-element_type=\"widget\" data-e-type=\"widget\" data-widget_type=\"text-editor.default\">\n\t\t\t\t\t\t\t\t\t<p>Biz sadece istikrars\u0131z bir piyasada tedarik\u00e7i olarak faaliyet g\u00f6stermiyoruz. Ulusal istikrar\u0131 tan\u0131mlayan g\u00fcvenli enerji koridorlar\u0131 ve altyap\u0131 omurgalar\u0131 tasarl\u0131yoruz. Karma\u015f\u0131k jeopolitik risk koridorlar\u0131n\u0131 derinlemesine analiz ediyor, \u00e7ok modlu tedarik yollar\u0131n\u0131 optimize ediyor ve kesintisiz enerji ak\u0131\u015f\u0131n\u0131 garanti alt\u0131na almak i\u00e7in egemen h\u00fck\u00fcmetleri k\u00fcresel ortaklarla uyumlu hale getiriyoruz. \u00c7al\u0131\u015fmalar\u0131m\u0131z, ham kaynak bulunabilirli\u011fi ile stratejik gereklilik aras\u0131ndaki kritik bo\u015flu\u011fu kapatarak, b\u00fcy\u00fck \u00f6l\u00e7ekli kurumsal d\u00fczeyde verimlilik, fiyat istikrar\u0131 ve operasyonel s\u00fcreklili\u011fi sa\u011fl\u0131yor.<\/p>\t\t\t\t\t\t\t\t<\/div>\n\t\t\t\t<\/div>\n\t\t\t\t\t<\/div>\n\t\t\t\t<\/div>\n\t\t\t\t<section data-particle_enable=\"false\" data-particle-mobile-disabled=\"false\" class=\"elementor-section elementor-top-section elementor-element elementor-element-6f88544 elementor-section-full_width qodef-elementor-content-grid elementor-section-height-default elementor-section-height-default\" data-id=\"6f88544\" data-element_type=\"section\" data-e-type=\"section\">\n\t\t\t\t\t\t<div class=\"elementor-container elementor-column-gap-default\">\n\t\t\t\t\t<div class=\"elementor-column elementor-col-100 elementor-top-column elementor-element elementor-element-bc17f53\" data-id=\"bc17f53\" data-element_type=\"column\" data-e-type=\"column\">\n\t\t\t<div class=\"elementor-widget-wrap elementor-element-populated\">\n\t\t\t\t\t\t<div class=\"elementor-element elementor-element-f6159e4 elementor-widget__width-initial elementor-widget elementor-widget-halstein_core_section_title\" data-id=\"f6159e4\" data-element_type=\"widget\" data-e-type=\"widget\" data-widget_type=\"halstein_core_section_title.default\">\n\t\t\t\t<div class=\"elementor-widget-container\">\n\t\t\t\t\t<div class=\"qodef-shortcode qodef-m qodef-section-title qodef-alignment--left\">\n\t\t\t<h2 class=\"qodef-m-title\" style=\"font-size: 35px\">\n\t\t\t\t\tYakla\u015f\u0131m\u0131m\u0131z \u015funlar\u0131 sa\u011flar:\t\t\t<\/h2>\n\t\t\t<\/div>\n\t\t\t\t<\/div>\n\t\t\t\t<\/div>\n\t\t\t\t<section data-particle_enable=\"false\" data-particle-mobile-disabled=\"false\" class=\"elementor-section elementor-inner-section elementor-element elementor-element-039603f elementor-section-boxed elementor-section-height-default elementor-section-height-default qodef-elementor-content-no\" data-id=\"039603f\" data-element_type=\"section\" data-e-type=\"section\">\n\t\t\t\t\t\t<div class=\"elementor-container elementor-column-gap-default\">\n\t\t\t\t\t<div class=\"elementor-column elementor-col-50 elementor-inner-column elementor-element elementor-element-b313fb7\" data-id=\"b313fb7\" data-element_type=\"column\" data-e-type=\"column\">\n\t\t\t<div class=\"elementor-widget-wrap elementor-element-populated\">\n\t\t\t\t\t\t<div class=\"elementor-element elementor-element-0f93ce8 elementor-widget elementor-widget-halstein_core_list_items\" data-id=\"0f93ce8\" data-element_type=\"widget\" data-e-type=\"widget\" data-widget_type=\"halstein_core_list_items.default\">\n\t\t\t\t<div class=\"elementor-widget-container\">\n\t\t\t\t\t<div class=\"qodef-shortcode qodef-m qodef-list-items qodef-layout--numbered-list\">\n\t\t\t<ol class=\"qodef-m-list\" >\n\t\t\t\t\t\t\t\t<li class=\"qodef-m-list-item\" >\n\t\t<h4 class=\"qodef-m-list-item-title\" >\n\t\t\t\tKesintisiz Kaynak Eri\u015fimi\t\t\t<\/h4>\n\t<p class=\"qodef-m-list-item-text\" >\n\t\tStratejik fosil rezervlerine ve yenilenebilir kaynaklara g\u00fcvenli, yedekli ve \u00e7e\u015fitlendirilmi\u015f eri\u015fimi sa\u011flamak, tek hata noktalar\u0131n\u0131 etkili bir \u015fekilde ortadan kald\u0131rmak ve jeopolitik kar\u0131\u015f\u0131kl\u0131klar kar\u015f\u0131s\u0131nda arz\u0131 garanti alt\u0131na almak.\t<\/p>\n<\/li>\n\t\t\t\t\t\t\t\t<li class=\"qodef-m-list-item\" >\n\t\t<h4 class=\"qodef-m-list-item-title\" >\n\t\t\t\tG\u00fcvenilir, Mevzuata Uygun Uluslararas\u0131 Ortakl\u0131klar\t\t\t<\/h4>\n\t<p class=\"qodef-m-list-item-text\" >\n\t\tMutlak \u015feffafl\u0131k, titiz mevzuat uyumlulu\u011fu ve payla\u015f\u0131lan uzun vadeli stratejik de\u011fere dayal\u0131, y\u00fcksek d\u00fcr\u00fcstl\u00fck standartlar\u0131na sahip s\u0131n\u0131r \u00f6tesi ittifaklar kurarak, ge\u00e7ici siyasi de\u011fi\u015fimleri a\u015fan bir a\u011f olu\u015fturmak.\t<\/p>\n<\/li>\n\t\t\t\t\t\t\t\t<li class=\"qodef-m-list-item\" >\n\t\t<h4 class=\"qodef-m-list-item-title\" >\n\t\t\t\tH\u0131zland\u0131r\u0131lm\u0131\u015f Pazar Penetrasyonu\t\t\t<\/h4>\n\t<p class=\"qodef-m-list-item-text\" >\n\t\tUyumlu ortaklar, uyumlu yasal \u00e7er\u00e7eveler ve geleneksel b\u00fcrokratik engelleri a\u015fan \u00e7evik uygulama stratejileri arac\u0131l\u0131\u011f\u0131yla \u00f6ncelikli b\u00f6lgelere h\u0131zl\u0131 ve sorunsuz giri\u015fi kolayla\u015ft\u0131rmak.\t<\/p>\n<\/li>\n\t\t\t\t<\/ol>\n\t<\/div>\n\t\t\t\t<\/div>\n\t\t\t\t<\/div>\n\t\t\t\t\t<\/div>\n\t\t<\/div>\n\t\t\t\t<div class=\"elementor-column elementor-col-50 elementor-inner-column elementor-element elementor-element-0d98797\" data-id=\"0d98797\" data-element_type=\"column\" data-e-type=\"column\">\n\t\t\t<div class=\"elementor-widget-wrap elementor-element-populated\">\n\t\t\t\t\t\t<div class=\"elementor-element elementor-element-db9347b elementor-widget elementor-widget-halstein_core_list_items\" data-id=\"db9347b\" data-element_type=\"widget\" data-e-type=\"widget\" data-widget_type=\"halstein_core_list_items.default\">\n\t\t\t\t<div class=\"elementor-widget-container\">\n\t\t\t\t\t<div class=\"qodef-shortcode qodef-m qodef-list-items qodef-layout--numbered-list\">\n\t\t\t<ol class=\"qodef-m-list\" style=\"counter-reset: counter 3\">\n\t\t\t\t\t\t\t\t<li class=\"qodef-m-list-item\" >\n\t\t<h4 class=\"qodef-m-list-item-title\" >\n\t\t\t\tS\u00fcrd\u00fcr\u00fclebilir Ge\u00e7i\u015f \u00c7er\u00e7eveleri\t\t\t<\/h4>\n\t<p class=\"qodef-m-list-item-text\" >\n\t\tMevcut operasyonel istikrar\u0131 veya ekonomik \u00e7\u0131kt\u0131y\u0131 tehlikeye atmadan, ye\u015fil enerji portf\u00f6ylerine do\u011fru dengeli bir ge\u00e7i\u015fi y\u00f6netmek.\t<\/p>\n<\/li>\n\t\t\t\t\t\t\t\t<li class=\"qodef-m-list-item\" >\n\t\t<h4 class=\"qodef-m-list-item-title\" >\n\t\t\t\tJeopolitik Risk Yal\u0131t\u0131m\u0131\t\t\t<\/h4>\n\t<p class=\"qodef-m-list-item-text\" >\n\t\tB\u00f6lgesel istikrars\u0131zl\u0131k ve siyasi dalgalanmalara kar\u015f\u0131 operasyonlar\u0131 korumak i\u00e7in tedarik s\u00f6zle\u015fmeleri ve lojistik a\u011flar\u0131 i\u00e7inde tampon mekanizmalar olu\u015fturmak.\t<\/p>\n<\/li>\n\t\t\t\t\t\t\t\t<li class=\"qodef-m-list-item\" >\n\t\t<h4 class=\"qodef-m-list-item-title\" >\n\t\t\t\tOptimize Edilmi\u015f De\u011fer Zinciri Ekonomisi\t\t\t<\/h4>\n\t<p class=\"qodef-m-list-item-text\" >\n\t\tEnerji ya\u015fam d\u00f6ng\u00fcs\u00fcn\u00fcn her a\u015famas\u0131n\u0131, \u00e7\u0131kar\u0131mdan da\u011f\u0131t\u0131ma kadar, optimize ederek verimlili\u011fi en \u00fcst d\u00fczeye \u00e7\u0131karmak ve sistemik maliyet kay\u0131plar\u0131n\u0131 en aza indirmek.\t<\/p>\n<\/li>\n\t\t\t\t<\/ol>\n\t<\/div>\n\t\t\t\t<\/div>\n\t\t\t\t<\/div>\n\t\t\t\t\t<\/div>\n\t\t<\/div>\n\t\t\t\t\t<\/div>\n\t\t<\/section>\n\t\t\t\t\t<\/div>\n\t\t<\/div>\n\t\t\t\t\t<\/div>\n\t\t<\/section>\n\t\t\t\t<section data-particle_enable=\"false\" data-particle-mobile-disabled=\"false\" class=\"elementor-section elementor-top-section elementor-element elementor-element-41c2d8e elementor-section-full_width elementor-section-height-default elementor-section-height-default qodef-elementor-content-no\" data-id=\"41c2d8e\" data-element_type=\"section\" data-e-type=\"section\">\n\t\t\t\t\t\t<div class=\"elementor-container elementor-column-gap-default\">\n\t\t\t\t\t<div class=\"elementor-column elementor-col-100 elementor-top-column elementor-element elementor-element-ee9175b\" data-id=\"ee9175b\" data-element_type=\"column\" data-e-type=\"column\">\n\t\t\t<div class=\"elementor-widget-wrap\">\n\t\t\t\t\t\t\t<\/div>\n\t\t<\/div>\n\t\t\t\t\t<\/div>\n\t\t<\/section>\n\t\t\t\t<\/div>","protected":false},"excerpt":{"rendered":"<p>This is not simple commodity trading. It is strategic resource security and infrastructure continuity \u2014 engineered for global energy sovereignty and supply chain dominance. We do not operate merely as a supplier in a volatile market. We architect secure energy corridors and infrastructure backbones that define national stability. We deeply analyze complex geopolitical risk corridors, [&hellip;]<\/p>\n","protected":false},"author":1,"featured_media":0,"parent":0,"menu_order":0,"comment_status":"closed","ping_status":"closed","template":"page-full-width.php","meta":{"footnotes":""},"class_list":["post-10490","page","type-page","status-publish","hentry"],"_links":{"self":[{"href":"https:\/\/icccreditcapital.com\/tr\/wp-json\/wp\/v2\/pages\/10490","targetHints":{"allow":["GET"]}}],"collection":[{"href":"https:\/\/icccreditcapital.com\/tr\/wp-json\/wp\/v2\/pages"}],"about":[{"href":"https:\/\/icccreditcapital.com\/tr\/wp-json\/wp\/v2\/types\/page"}],"author":[{"embeddable":true,"href":"https:\/\/icccreditcapital.com\/tr\/wp-json\/wp\/v2\/users\/1"}],"replies":[{"embeddable":true,"href":"https:\/\/icccreditcapital.com\/tr\/wp-json\/wp\/v2\/comments?post=10490"}],"version-history":[{"count":31,"href":"https:\/\/icccreditcapital.com\/tr\/wp-json\/wp\/v2\/pages\/10490\/revisions"}],"predecessor-version":[{"id":10711,"href":"https:\/\/icccreditcapital.com\/tr\/wp-json\/wp\/v2\/pages\/10490\/revisions\/10711"}],"wp:attachment":[{"href":"https:\/\/icccreditcapital.com\/tr\/wp-json\/wp\/v2\/media?parent=10490"}],"curies":[{"name":"wp","href":"https:\/\/api.w.org\/{rel}","templated":true}]}}