{"id":10491,"date":"2025-11-02T14:00:22","date_gmt":"2025-11-02T14:00:22","guid":{"rendered":"https:\/\/icccreditcapital.com\/?page_id=10491"},"modified":"2026-01-29T12:03:36","modified_gmt":"2026-01-29T12:03:36","slug":"industry","status":"publish","type":"page","link":"https:\/\/icccreditcapital.com\/tr\/industry\/","title":{"rendered":"Sanayi"},"content":{"rendered":"<div data-elementor-type=\"wp-page\" data-elementor-id=\"10491\" class=\"elementor elementor-10491\" data-elementor-post-type=\"page\">\n\t\t\t\t\t\t<section data-particle_enable=\"false\" data-particle-mobile-disabled=\"false\" class=\"elementor-section elementor-top-section elementor-element elementor-element-dc36d44 elementor-section-full_width qodef-elementor-content-grid elementor-section-height-default elementor-section-height-default\" data-id=\"dc36d44\" data-element_type=\"section\" data-e-type=\"section\">\n\t\t\t\t\t\t<div class=\"elementor-container elementor-column-gap-default\">\n\t\t\t\t\t<div class=\"elementor-column elementor-col-33 elementor-top-column elementor-element elementor-element-29009b1\" data-id=\"29009b1\" data-element_type=\"column\" data-e-type=\"column\">\n\t\t\t<div class=\"elementor-widget-wrap elementor-element-populated\">\n\t\t\t\t\t\t<section data-particle_enable=\"false\" data-particle-mobile-disabled=\"false\" class=\"elementor-section elementor-inner-section elementor-element elementor-element-2e7835b elementor-section-boxed elementor-section-height-default elementor-section-height-default qodef-elementor-content-no\" data-id=\"2e7835b\" data-element_type=\"section\" data-e-type=\"section\">\n\t\t\t\t\t\t<div class=\"elementor-container elementor-column-gap-default\">\n\t\t\t\t\t<div class=\"elementor-column elementor-col-100 elementor-inner-column elementor-element elementor-element-9445372\" data-id=\"9445372\" data-element_type=\"column\" data-e-type=\"column\">\n\t\t\t<div class=\"elementor-widget-wrap elementor-element-populated\">\n\t\t\t\t\t\t<div class=\"elementor-element elementor-element-503d89d elementor-widget elementor-widget-halstein_core_single_image\" data-id=\"503d89d\" data-element_type=\"widget\" data-e-type=\"widget\" data-widget_type=\"halstein_core_single_image.default\">\n\t\t\t\t<div class=\"elementor-widget-container\">\n\t\t\t\t\t<div class=\"qodef-shortcode qodef-m qodef-single-image qodef-layout--default\">\n\t<div class=\"qodef-m-image\">\n\t\t\t\t<img decoding=\"async\" width=\"1\" height=\"290\" src=\"https:\/\/icccreditcapital.com\/wp-content\/uploads\/2021\/10\/h1-img-014.png\" class=\"attachment-full size-full\" alt=\"t\" \/>\t\t\t<\/div>\n<\/div>\n\t\t\t\t<\/div>\n\t\t\t\t<\/div>\n\t\t\t\t\t<\/div>\n\t\t<\/div>\n\t\t\t\t\t<\/div>\n\t\t<\/section>\n\t\t\t\t\t<\/div>\n\t\t<\/div>\n\t\t\t\t<div class=\"elementor-column elementor-col-66 elementor-top-column elementor-element elementor-element-55a6172\" data-id=\"55a6172\" data-element_type=\"column\" data-e-type=\"column\">\n\t\t\t<div class=\"elementor-widget-wrap elementor-element-populated\">\n\t\t\t\t\t\t<div class=\"elementor-element elementor-element-9c74d8a elementor-widget__width-initial elementor-widget elementor-widget-halstein_core_section_title\" data-id=\"9c74d8a\" data-element_type=\"widget\" data-e-type=\"widget\" data-widget_type=\"halstein_core_section_title.default\">\n\t\t\t\t<div class=\"elementor-widget-container\">\n\t\t\t\t\t<div class=\"qodef-shortcode qodef-m qodef-section-title qodef-alignment--left\">\n\t\t\t<h2 class=\"qodef-m-title\" style=\"font-size: 35px\">\n\t\t\t\t\tBizim i\u00e7in teknoloji sadece \u00fcretim de\u011fildir. <span class=\"qodef-highlight-text\" style=\"color: #B29063\">Mutlak k\u00fcresel pazar hakimiyeti i\u00e7in tasarlanm\u0131\u015f stratejik \u00fcretim koordinasyonu ve end\u00fcstriyel ticaret yetene\u011fidir.<\/span>\t\t\t<\/h2>\n\t\t\t<\/div>\n\t\t\t\t<\/div>\n\t\t\t\t<\/div>\n\t\t\t\t<section data-particle_enable=\"false\" data-particle-mobile-disabled=\"false\" class=\"elementor-section elementor-inner-section elementor-element elementor-element-4027888 elementor-section-full_width elementor-section-height-default elementor-section-height-default qodef-elementor-content-no\" data-id=\"4027888\" data-element_type=\"section\" data-e-type=\"section\">\n\t\t\t\t\t\t<div class=\"elementor-container elementor-column-gap-default\">\n\t\t\t\t\t<div class=\"elementor-column elementor-col-100 elementor-inner-column elementor-element elementor-element-8f0ba53\" data-id=\"8f0ba53\" data-element_type=\"column\" data-e-type=\"column\">\n\t\t\t<div class=\"elementor-widget-wrap\">\n\t\t\t\t\t\t\t<\/div>\n\t\t<\/div>\n\t\t\t\t\t<\/div>\n\t\t<\/section>\n\t\t\t\t\t<\/div>\n\t\t<\/div>\n\t\t\t\t\t<\/div>\n\t\t<\/section>\n\t\t<div data-particle_enable=\"false\" data-particle-mobile-disabled=\"false\" class=\"elementor-element elementor-element-534b8ba e-flex e-con-boxed qodef-elementor-content-no e-con e-parent\" data-id=\"534b8ba\" data-element_type=\"container\" data-e-type=\"container\">\n\t\t\t\t\t<div class=\"e-con-inner\">\n\t\t<div data-particle_enable=\"false\" data-particle-mobile-disabled=\"false\" class=\"elementor-element elementor-element-8c2f586 e-con-full e-flex qodef-elementor-content-no e-con e-child\" data-id=\"8c2f586\" data-element_type=\"container\" data-e-type=\"container\">\n\t\t\t\t<div class=\"elementor-element elementor-element-6cbffaf elementor-widget elementor-widget-image\" data-id=\"6cbffaf\" data-element_type=\"widget\" data-e-type=\"widget\" data-widget_type=\"image.default\">\n\t\t\t\t\t\t\t\t\t\t\t\t\t\t\t<img fetchpriority=\"high\" decoding=\"async\" width=\"1024\" height=\"683\" src=\"https:\/\/icccreditcapital.com\/wp-content\/uploads\/2026\/01\/pexels-pixabay-208661-1024x683.jpg\" class=\"attachment-large size-large wp-image-10692\" alt=\"\" srcset=\"https:\/\/icccreditcapital.com\/wp-content\/uploads\/2026\/01\/pexels-pixabay-208661-1024x683.jpg 1024w, https:\/\/icccreditcapital.com\/wp-content\/uploads\/2026\/01\/pexels-pixabay-208661-300x200.jpg 300w, https:\/\/icccreditcapital.com\/wp-content\/uploads\/2026\/01\/pexels-pixabay-208661-768x512.jpg 768w, https:\/\/icccreditcapital.com\/wp-content\/uploads\/2026\/01\/pexels-pixabay-208661-1536x1024.jpg 1536w, https:\/\/icccreditcapital.com\/wp-content\/uploads\/2026\/01\/pexels-pixabay-208661-2048x1365.jpg 2048w, https:\/\/icccreditcapital.com\/wp-content\/uploads\/2026\/01\/pexels-pixabay-208661-18x12.jpg 18w, https:\/\/icccreditcapital.com\/wp-content\/uploads\/2026\/01\/pexels-pixabay-208661-600x400.jpg 600w\" sizes=\"(max-width: 1024px) 100vw, 1024px\" \/>\t\t\t\t\t\t\t\t\t\t\t\t\t\t\t<\/div>\n\t\t\t\t<\/div>\n\t\t<div data-particle_enable=\"false\" data-particle-mobile-disabled=\"false\" class=\"elementor-element elementor-element-b776030 e-con-full e-flex qodef-elementor-content-no e-con e-child\" data-id=\"b776030\" data-element_type=\"container\" data-e-type=\"container\">\n\t\t\t\t<div class=\"elementor-element elementor-element-501716e elementor-widget elementor-widget-spacer\" data-id=\"501716e\" data-element_type=\"widget\" data-e-type=\"widget\" data-widget_type=\"spacer.default\">\n\t\t\t\t\t\t\t<div class=\"elementor-spacer\">\n\t\t\t<div class=\"elementor-spacer-inner\"><\/div>\n\t\t<\/div>\n\t\t\t\t\t\t<\/div>\n\t\t\t\t<div class=\"elementor-element elementor-element-a997029 elementor-widget elementor-widget-text-editor\" data-id=\"a997029\" data-element_type=\"widget\" data-e-type=\"widget\" data-widget_type=\"text-editor.default\">\n\t\t\t\t\t\t\t\t\t<p>Biz, bir fabrikan\u0131n d\u00f6rt duvar\u0131yla s\u0131n\u0131rl\u0131 geleneksel bir \u00fcretici gibi faaliyet g\u00f6stermiyoruz. K\u0131talara yay\u0131lan, y\u00fcksek b\u00fct\u00fcnl\u00fc\u011fe sahip, s\u0131n\u0131rs\u0131z \u00fcretim a\u011flar\u0131 tasarl\u0131yoruz. Geli\u015fmi\u015f veri zekas\u0131 ve derin kurumsal koordinasyon kullanarak, par\u00e7alanm\u0131\u015f tedarik zincirlerini birle\u015fik stratejik kald\u0131ra\u00e7 sistemlerine d\u00f6n\u00fc\u015ft\u00fcr\u00fcyoruz. Bu end\u00fcstriyel a\u011flar\u0131, d\u0131\u015f piyasa de\u011fi\u015fimlerinden, hammadde k\u0131tl\u0131\u011f\u0131ndan veya lojistik zorluklardan ba\u011f\u0131ms\u0131z olarak, \u00fcretimin talebi cerrahi hassasiyetle kar\u015f\u0131lamas\u0131n\u0131 sa\u011flamak i\u00e7in tasarl\u0131yor, geni\u015fletiyor ve g\u00fcvence alt\u0131na al\u0131yoruz.<\/p>\t\t\t\t\t\t\t\t<\/div>\n\t\t\t\t<\/div>\n\t\t\t\t\t<\/div>\n\t\t\t\t<\/div>\n\t\t\t\t<section data-particle_enable=\"false\" data-particle-mobile-disabled=\"false\" class=\"elementor-section elementor-top-section elementor-element elementor-element-6f88544 elementor-section-full_width qodef-elementor-content-grid elementor-section-height-default elementor-section-height-default\" data-id=\"6f88544\" data-element_type=\"section\" data-e-type=\"section\">\n\t\t\t\t\t\t<div class=\"elementor-container elementor-column-gap-default\">\n\t\t\t\t\t<div class=\"elementor-column elementor-col-100 elementor-top-column elementor-element elementor-element-bc17f53\" data-id=\"bc17f53\" data-element_type=\"column\" data-e-type=\"column\">\n\t\t\t<div class=\"elementor-widget-wrap elementor-element-populated\">\n\t\t\t\t\t\t<div class=\"elementor-element elementor-element-f6159e4 elementor-widget__width-initial elementor-widget elementor-widget-halstein_core_section_title\" data-id=\"f6159e4\" data-element_type=\"widget\" data-e-type=\"widget\" data-widget_type=\"halstein_core_section_title.default\">\n\t\t\t\t<div class=\"elementor-widget-container\">\n\t\t\t\t\t<div class=\"qodef-shortcode qodef-m qodef-section-title qodef-alignment--left\">\n\t\t\t<h2 class=\"qodef-m-title\" style=\"font-size: 35px\">\n\t\t\t\t\tYakla\u015f\u0131m\u0131m\u0131z \u015funlar\u0131 sa\u011flar:\t\t\t<\/h2>\n\t\t\t<\/div>\n\t\t\t\t<\/div>\n\t\t\t\t<\/div>\n\t\t\t\t<section data-particle_enable=\"false\" data-particle-mobile-disabled=\"false\" class=\"elementor-section elementor-inner-section elementor-element elementor-element-039603f elementor-section-boxed elementor-section-height-default elementor-section-height-default qodef-elementor-content-no\" data-id=\"039603f\" data-element_type=\"section\" data-e-type=\"section\">\n\t\t\t\t\t\t<div class=\"elementor-container elementor-column-gap-default\">\n\t\t\t\t\t<div class=\"elementor-column elementor-col-50 elementor-inner-column elementor-element elementor-element-b313fb7\" data-id=\"b313fb7\" data-element_type=\"column\" data-e-type=\"column\">\n\t\t\t<div class=\"elementor-widget-wrap elementor-element-populated\">\n\t\t\t\t\t\t<div class=\"elementor-element elementor-element-0f93ce8 elementor-widget elementor-widget-halstein_core_list_items\" data-id=\"0f93ce8\" data-element_type=\"widget\" data-e-type=\"widget\" data-widget_type=\"halstein_core_list_items.default\">\n\t\t\t\t<div class=\"elementor-widget-container\">\n\t\t\t\t\t<div class=\"qodef-shortcode qodef-m qodef-list-items qodef-layout--numbered-list\">\n\t\t\t<ol class=\"qodef-m-list\" >\n\t\t\t\t\t\t\t\t<li class=\"qodef-m-list-item\" >\n\t\t<h4 class=\"qodef-m-list-item-title\" >\n\t\t\t\tEgemen \u00dcretim Kapasitesi\t\t\t<\/h4>\n\t<p class=\"qodef-m-list-item-text\" >\n\t\tS\u00fcrekli end\u00fcstriyel \u00fcretim i\u00e7in gerekli olan temel hammaddelere ve stratejik bile\u015fenlere g\u00fcvenli, \u00e7e\u015fitlendirilmi\u015f ve kesintisiz eri\u015fimi sa\u011flamak ve tedarik zincirindeki aksamalara kar\u015f\u0131 koruma sa\u011flamak.\t<\/p>\n<\/li>\n\t\t\t\t\t\t\t\t<li class=\"qodef-m-list-item\" >\n\t\t<h4 class=\"qodef-m-list-item-title\" >\n\t\t\t\tH\u0131zl\u0131 Piyasa \u0130\u015flemi\t\t\t<\/h4>\n\t<p class=\"qodef-m-list-item-text\" >\n\t\tUyumlu da\u011f\u0131t\u0131m ortaklar\u0131 ve h\u0131zl\u0131 da\u011f\u0131t\u0131m a\u011flar\u0131 arac\u0131l\u0131\u011f\u0131yla y\u00fcksek de\u011ferli hedef pazarlara giri\u015fi h\u0131zland\u0131rarak pazara giri\u015f s\u00fcresini \u00f6nemli \u00f6l\u00e7\u00fcde k\u0131salt\u0131yor ve ilk giren olman\u0131n avantaj\u0131n\u0131 en \u00fcst d\u00fczeye \u00e7\u0131kar\u0131yoruz.\t<\/p>\n<\/li>\n\t\t\t\t\t\t\t\t<li class=\"qodef-m-list-item\" >\n\t\t<h4 class=\"qodef-m-list-item-title\" >\n\t\t\t\tUzun Vadeli End\u00fcstriyel Rekabet G\u00fcc\u00fc\t\t\t<\/h4>\n\t<p class=\"qodef-m-list-item-text\" >\n\t\tTeknolojiyle e\u015f zamanl\u0131 olarak geli\u015fmek \u00fczere tasarlanm\u0131\u015f, uyarlanabilir \u00fcretim ve da\u011f\u0131t\u0131m ekosistemleri olu\u015fturarak, end\u00fcstriyel taban\u0131n\u0131z\u0131n s\u00fcrd\u00fcr\u00fclebilir bir k\u00fcresel avantaja sahip olmas\u0131n\u0131 sa\u011fl\u0131yoruz.\t<\/p>\n<\/li>\n\t\t\t\t<\/ol>\n\t<\/div>\n\t\t\t\t<\/div>\n\t\t\t\t<\/div>\n\t\t\t\t\t<\/div>\n\t\t<\/div>\n\t\t\t\t<div class=\"elementor-column elementor-col-50 elementor-inner-column elementor-element elementor-element-0d98797\" data-id=\"0d98797\" data-element_type=\"column\" data-e-type=\"column\">\n\t\t\t<div class=\"elementor-widget-wrap elementor-element-populated\">\n\t\t\t\t\t\t<div class=\"elementor-element elementor-element-db9347b elementor-widget elementor-widget-halstein_core_list_items\" data-id=\"db9347b\" data-element_type=\"widget\" data-e-type=\"widget\" data-widget_type=\"halstein_core_list_items.default\">\n\t\t\t\t<div class=\"elementor-widget-container\">\n\t\t\t\t\t<div class=\"qodef-shortcode qodef-m qodef-list-items qodef-layout--numbered-list\">\n\t\t\t<ol class=\"qodef-m-list\" style=\"counter-reset: counter 3\">\n\t\t\t\t\t\t\t\t<li class=\"qodef-m-list-item\" >\n\t\t<h4 class=\"qodef-m-list-item-title\" >\n\t\t\t\tU\u00e7tan Uca Tedarik Zinciri \u015eeffafl\u0131\u011f\u0131\t\t\t<\/h4>\n\t<p class=\"qodef-m-list-item-text\" >\n\t\tHammadde tedarikinden nihai teslimata kadar mutlak \u015feffafl\u0131k sa\u011flayarak, verimsizlikleri ve doland\u0131r\u0131c\u0131l\u0131\u011f\u0131 ortadan kald\u0131ran veri odakl\u0131 kararlar al\u0131nmas\u0131n\u0131 m\u00fcmk\u00fcn k\u0131lar.\t<\/p>\n<\/li>\n\t\t\t\t\t\t\t\t<li class=\"qodef-m-list-item\" >\n\t\t<h4 class=\"qodef-m-list-item-title\" >\n\t\t\t\t\u00c7evik \u00dcretim Protokolleri\t\t\t<\/h4>\n\t<p class=\"qodef-m-list-item-text\" >\n\t\tT\u00fcketici taleplerindeki veya \u00f6zel \u00f6zelliklerdeki de\u011fi\u015fiklikleri kar\u015f\u0131lamak i\u00e7in yeniden \u00fcretim kesintisi olmadan an\u0131nda y\u00f6n de\u011fi\u015ftirebilen esnek \u00fcretim sistemlerinin uygulanmas\u0131.\t<\/p>\n<\/li>\n\t\t\t\t\t\t\t\t<li class=\"qodef-m-list-item\" >\n\t\t<h4 class=\"qodef-m-list-item-title\" >\n\t\t\t\tEko-End\u00fcstriyel Sinerji\t\t\t<\/h4>\n\t<p class=\"qodef-m-list-item-text\" >\n\t\t\u00dcretim hatt\u0131na d\u00f6ng\u00fcsel ekonomi prensiplerini entegre ederek, at\u0131klar\u0131 ve karbon ayak izini azalt\u0131rken, end\u00fcstriyel yan \u00fcr\u00fcnlerden yeni de\u011fer ak\u0131\u015flar\u0131 yaratmak.\t<\/p>\n<\/li>\n\t\t\t\t<\/ol>\n\t<\/div>\n\t\t\t\t<\/div>\n\t\t\t\t<\/div>\n\t\t\t\t\t<\/div>\n\t\t<\/div>\n\t\t\t\t\t<\/div>\n\t\t<\/section>\n\t\t\t\t\t<\/div>\n\t\t<\/div>\n\t\t\t\t\t<\/div>\n\t\t<\/section>\n\t\t\t\t<\/div>","protected":false},"excerpt":{"rendered":"<p>This is not just manufacturing. It is strategic production orchestration and industrial trade capability \u2014 engineered for absolute global market dominance. We do not operate as a conventional manufacturer limited by the four walls of a factory. We architect high-integrity, borderless production networks that span continents. Through the use of advanced data intelligence and deep [&hellip;]<\/p>\n","protected":false},"author":1,"featured_media":0,"parent":0,"menu_order":0,"comment_status":"closed","ping_status":"closed","template":"page-full-width.php","meta":{"footnotes":""},"class_list":["post-10491","page","type-page","status-publish","hentry"],"_links":{"self":[{"href":"https:\/\/icccreditcapital.com\/tr\/wp-json\/wp\/v2\/pages\/10491","targetHints":{"allow":["GET"]}}],"collection":[{"href":"https:\/\/icccreditcapital.com\/tr\/wp-json\/wp\/v2\/pages"}],"about":[{"href":"https:\/\/icccreditcapital.com\/tr\/wp-json\/wp\/v2\/types\/page"}],"author":[{"embeddable":true,"href":"https:\/\/icccreditcapital.com\/tr\/wp-json\/wp\/v2\/users\/1"}],"replies":[{"embeddable":true,"href":"https:\/\/icccreditcapital.com\/tr\/wp-json\/wp\/v2\/comments?post=10491"}],"version-history":[{"count":20,"href":"https:\/\/icccreditcapital.com\/tr\/wp-json\/wp\/v2\/pages\/10491\/revisions"}],"predecessor-version":[{"id":10708,"href":"https:\/\/icccreditcapital.com\/tr\/wp-json\/wp\/v2\/pages\/10491\/revisions\/10708"}],"wp:attachment":[{"href":"https:\/\/icccreditcapital.com\/tr\/wp-json\/wp\/v2\/media?parent=10491"}],"curies":[{"name":"wp","href":"https:\/\/api.w.org\/{rel}","templated":true}]}}