{"id":10492,"date":"2025-11-02T13:59:56","date_gmt":"2025-11-02T13:59:56","guid":{"rendered":"https:\/\/icccreditcapital.com\/?page_id=10492"},"modified":"2026-01-29T12:12:16","modified_gmt":"2026-01-29T12:12:16","slug":"construction","status":"publish","type":"page","link":"https:\/\/icccreditcapital.com\/tr\/construction\/","title":{"rendered":"Yap\u0131"},"content":{"rendered":"<div data-elementor-type=\"wp-page\" data-elementor-id=\"10492\" class=\"elementor elementor-10492\" data-elementor-post-type=\"page\">\n\t\t\t\t\t\t<section data-particle_enable=\"false\" data-particle-mobile-disabled=\"false\" class=\"elementor-section elementor-top-section elementor-element elementor-element-dc36d44 elementor-section-full_width qodef-elementor-content-grid elementor-section-height-default elementor-section-height-default\" data-id=\"dc36d44\" data-element_type=\"section\" data-e-type=\"section\">\n\t\t\t\t\t\t<div class=\"elementor-container elementor-column-gap-default\">\n\t\t\t\t\t<div class=\"elementor-column elementor-col-33 elementor-top-column elementor-element elementor-element-29009b1\" data-id=\"29009b1\" data-element_type=\"column\" data-e-type=\"column\">\n\t\t\t<div class=\"elementor-widget-wrap elementor-element-populated\">\n\t\t\t\t\t\t<section data-particle_enable=\"false\" data-particle-mobile-disabled=\"false\" class=\"elementor-section elementor-inner-section elementor-element elementor-element-2e7835b elementor-section-boxed elementor-section-height-default elementor-section-height-default qodef-elementor-content-no\" data-id=\"2e7835b\" data-element_type=\"section\" data-e-type=\"section\">\n\t\t\t\t\t\t<div class=\"elementor-container elementor-column-gap-default\">\n\t\t\t\t\t<div class=\"elementor-column elementor-col-100 elementor-inner-column elementor-element elementor-element-9445372\" data-id=\"9445372\" data-element_type=\"column\" data-e-type=\"column\">\n\t\t\t<div class=\"elementor-widget-wrap elementor-element-populated\">\n\t\t\t\t\t\t<div class=\"elementor-element elementor-element-503d89d elementor-widget elementor-widget-halstein_core_single_image\" data-id=\"503d89d\" data-element_type=\"widget\" data-e-type=\"widget\" data-widget_type=\"halstein_core_single_image.default\">\n\t\t\t\t<div class=\"elementor-widget-container\">\n\t\t\t\t\t<div class=\"qodef-shortcode qodef-m qodef-single-image qodef-layout--default\">\n\t<div class=\"qodef-m-image\">\n\t\t\t\t<img decoding=\"async\" width=\"1\" height=\"290\" src=\"https:\/\/icccreditcapital.com\/wp-content\/uploads\/2021\/10\/h1-img-014.png\" class=\"attachment-full size-full\" alt=\"t\" \/>\t\t\t<\/div>\n<\/div>\n\t\t\t\t<\/div>\n\t\t\t\t<\/div>\n\t\t\t\t\t<\/div>\n\t\t<\/div>\n\t\t\t\t\t<\/div>\n\t\t<\/section>\n\t\t\t\t\t<\/div>\n\t\t<\/div>\n\t\t\t\t<div class=\"elementor-column elementor-col-66 elementor-top-column elementor-element elementor-element-55a6172\" data-id=\"55a6172\" data-element_type=\"column\" data-e-type=\"column\">\n\t\t\t<div class=\"elementor-widget-wrap elementor-element-populated\">\n\t\t\t\t\t\t<div class=\"elementor-element elementor-element-9c74d8a elementor-widget__width-initial elementor-widget elementor-widget-halstein_core_section_title\" data-id=\"9c74d8a\" data-element_type=\"widget\" data-e-type=\"widget\" data-widget_type=\"halstein_core_section_title.default\">\n\t\t\t\t<div class=\"elementor-widget-container\">\n\t\t\t\t\t<div class=\"qodef-shortcode qodef-m qodef-section-title qodef-alignment--left\">\n\t\t\t<h2 class=\"qodef-m-title\" style=\"font-size: 35px\">\n\t\t\t\t\tBu sadece bir bina de\u011fil. <span class=\"qodef-highlight-text\" style=\"color: #B29063\">Bu, nesiller boyu s\u00fcrecek bir miras ve kurumsal istikrar i\u00e7in tasarlanm\u0131\u015f, kentsel d\u00f6n\u00fc\u015f\u00fcm\u00fcn d\u00fczenlenmesi ve ya\u015fam alan\u0131 kapasitesidir.<\/span>\t\t\t<\/h2>\n\t\t\t<\/div>\n\t\t\t\t<\/div>\n\t\t\t\t<\/div>\n\t\t\t\t<section data-particle_enable=\"false\" data-particle-mobile-disabled=\"false\" class=\"elementor-section elementor-inner-section elementor-element elementor-element-4027888 elementor-section-full_width elementor-section-height-default elementor-section-height-default qodef-elementor-content-no\" data-id=\"4027888\" data-element_type=\"section\" data-e-type=\"section\">\n\t\t\t\t\t\t<div class=\"elementor-container elementor-column-gap-default\">\n\t\t\t\t\t<div class=\"elementor-column elementor-col-100 elementor-inner-column elementor-element elementor-element-8f0ba53\" data-id=\"8f0ba53\" data-element_type=\"column\" data-e-type=\"column\">\n\t\t\t<div class=\"elementor-widget-wrap\">\n\t\t\t\t\t\t\t<\/div>\n\t\t<\/div>\n\t\t\t\t\t<\/div>\n\t\t<\/section>\n\t\t\t\t\t<\/div>\n\t\t<\/div>\n\t\t\t\t\t<\/div>\n\t\t<\/section>\n\t\t<div data-particle_enable=\"false\" data-particle-mobile-disabled=\"false\" class=\"elementor-element elementor-element-534b8ba e-flex e-con-boxed qodef-elementor-content-no e-con e-parent\" data-id=\"534b8ba\" data-element_type=\"container\" data-e-type=\"container\">\n\t\t\t\t\t<div class=\"e-con-inner\">\n\t\t<div data-particle_enable=\"false\" data-particle-mobile-disabled=\"false\" class=\"elementor-element elementor-element-8c2f586 e-con-full e-flex qodef-elementor-content-no e-con e-child\" data-id=\"8c2f586\" data-element_type=\"container\" data-e-type=\"container\">\n\t\t\t\t<div class=\"elementor-element elementor-element-fa684f3 elementor-widget elementor-widget-spacer\" data-id=\"fa684f3\" data-element_type=\"widget\" data-e-type=\"widget\" data-widget_type=\"spacer.default\">\n\t\t\t\t\t\t\t<div class=\"elementor-spacer\">\n\t\t\t<div class=\"elementor-spacer-inner\"><\/div>\n\t\t<\/div>\n\t\t\t\t\t\t<\/div>\n\t\t\t\t<div class=\"elementor-element elementor-element-6cbffaf elementor-widget elementor-widget-image\" data-id=\"6cbffaf\" data-element_type=\"widget\" data-e-type=\"widget\" data-widget_type=\"image.default\">\n\t\t\t\t\t\t\t\t\t\t\t\t\t\t\t<img fetchpriority=\"high\" decoding=\"async\" width=\"1024\" height=\"683\" src=\"https:\/\/icccreditcapital.com\/wp-content\/uploads\/2026\/01\/pexels-olgalioncat-7245333-1024x683.jpg\" class=\"attachment-large size-large wp-image-10685\" alt=\"\" srcset=\"https:\/\/icccreditcapital.com\/wp-content\/uploads\/2026\/01\/pexels-olgalioncat-7245333-1024x683.jpg 1024w, https:\/\/icccreditcapital.com\/wp-content\/uploads\/2026\/01\/pexels-olgalioncat-7245333-300x200.jpg 300w, https:\/\/icccreditcapital.com\/wp-content\/uploads\/2026\/01\/pexels-olgalioncat-7245333-768x513.jpg 768w, https:\/\/icccreditcapital.com\/wp-content\/uploads\/2026\/01\/pexels-olgalioncat-7245333-1536x1025.jpg 1536w, https:\/\/icccreditcapital.com\/wp-content\/uploads\/2026\/01\/pexels-olgalioncat-7245333-2048x1367.jpg 2048w, https:\/\/icccreditcapital.com\/wp-content\/uploads\/2026\/01\/pexels-olgalioncat-7245333-18x12.jpg 18w, https:\/\/icccreditcapital.com\/wp-content\/uploads\/2026\/01\/pexels-olgalioncat-7245333-600x400.jpg 600w\" sizes=\"(max-width: 1024px) 100vw, 1024px\" \/>\t\t\t\t\t\t\t\t\t\t\t\t\t\t\t<\/div>\n\t\t\t\t<\/div>\n\t\t<div data-particle_enable=\"false\" data-particle-mobile-disabled=\"false\" class=\"elementor-element elementor-element-b776030 e-con-full e-flex qodef-elementor-content-no e-con e-child\" data-id=\"b776030\" data-element_type=\"container\" data-e-type=\"container\">\n\t\t\t\t<div class=\"elementor-element elementor-element-0c21192 elementor-widget elementor-widget-spacer\" data-id=\"0c21192\" data-element_type=\"widget\" data-e-type=\"widget\" data-widget_type=\"spacer.default\">\n\t\t\t\t\t\t\t<div class=\"elementor-spacer\">\n\t\t\t<div class=\"elementor-spacer-inner\"><\/div>\n\t\t<\/div>\n\t\t\t\t\t\t<\/div>\n\t\t\t\t<div class=\"elementor-element elementor-element-a997029 elementor-widget elementor-widget-text-editor\" data-id=\"a997029\" data-element_type=\"widget\" data-e-type=\"widget\" data-widget_type=\"text-editor.default\">\n\t\t\t\t\t\t\t\t\t<p>Biz, yaln\u0131zca uygulama ve i\u015f\u00e7ili\u011fe odaklanan geleneksel bir m\u00fcteahhit firmas\u0131 gibi \u00e7al\u0131\u015fm\u0131yoruz. Gelecekteki ekonomik faaliyetin temeli olarak hizmet eden y\u00fcksek dayan\u0131kl\u0131l\u0131\u011fa sahip yap\u0131sal ekosistemler ve kurumsal altyap\u0131 kapasitesi tasarl\u0131yoruz. Proje risk koridorlar\u0131n\u0131 titizlikle de\u011ferlendirerek ve k\u00fcresel malzeme tedarik zincirlerini optimize ederek, uluslararas\u0131 kalite standartlar\u0131n\u0131 yerel ger\u00e7eklerle uyumlu hale getiriyor ve uzun \u00f6m\u00fcrl\u00fc ya\u015fam ortamlar\u0131 in\u015fa ediyoruz. \u0130n\u015faat s\u00fcrecini stratejik bir operasyona d\u00f6n\u00fc\u015ft\u00fcrerek, her projenin istikrarl\u0131, \u00f6l\u00e7eklenebilir ve \u00e7evre bilincine sahip bir kentsel gelece\u011fe katk\u0131da bulunmas\u0131n\u0131 sa\u011fl\u0131yoruz.<\/p>\t\t\t\t\t\t\t\t<\/div>\n\t\t\t\t<\/div>\n\t\t\t\t\t<\/div>\n\t\t\t\t<\/div>\n\t\t\t\t<section data-particle_enable=\"false\" data-particle-mobile-disabled=\"false\" class=\"elementor-section elementor-top-section elementor-element elementor-element-6f88544 elementor-section-full_width qodef-elementor-content-grid elementor-section-height-default elementor-section-height-default\" data-id=\"6f88544\" data-element_type=\"section\" data-e-type=\"section\">\n\t\t\t\t\t\t<div class=\"elementor-container elementor-column-gap-default\">\n\t\t\t\t\t<div class=\"elementor-column elementor-col-100 elementor-top-column elementor-element elementor-element-bc17f53\" data-id=\"bc17f53\" data-element_type=\"column\" data-e-type=\"column\">\n\t\t\t<div class=\"elementor-widget-wrap elementor-element-populated\">\n\t\t\t\t\t\t<div class=\"elementor-element elementor-element-f6159e4 elementor-widget__width-initial elementor-widget elementor-widget-halstein_core_section_title\" data-id=\"f6159e4\" data-element_type=\"widget\" data-e-type=\"widget\" data-widget_type=\"halstein_core_section_title.default\">\n\t\t\t\t<div class=\"elementor-widget-container\">\n\t\t\t\t\t<div class=\"qodef-shortcode qodef-m qodef-section-title qodef-alignment--left\">\n\t\t\t<h2 class=\"qodef-m-title\" style=\"font-size: 35px\">\n\t\t\t\t\tYakla\u015f\u0131m\u0131m\u0131z \u015funlar\u0131 sa\u011flar:\t\t\t<\/h2>\n\t\t\t<\/div>\n\t\t\t\t<\/div>\n\t\t\t\t<\/div>\n\t\t\t\t<section data-particle_enable=\"false\" data-particle-mobile-disabled=\"false\" class=\"elementor-section elementor-inner-section elementor-element elementor-element-039603f elementor-section-boxed elementor-section-height-default elementor-section-height-default qodef-elementor-content-no\" data-id=\"039603f\" data-element_type=\"section\" data-e-type=\"section\">\n\t\t\t\t\t\t<div class=\"elementor-container elementor-column-gap-default\">\n\t\t\t\t\t<div class=\"elementor-column elementor-col-50 elementor-inner-column elementor-element elementor-element-b313fb7\" data-id=\"b313fb7\" data-element_type=\"column\" data-e-type=\"column\">\n\t\t\t<div class=\"elementor-widget-wrap elementor-element-populated\">\n\t\t\t\t\t\t<div class=\"elementor-element elementor-element-0f93ce8 elementor-widget elementor-widget-halstein_core_list_items\" data-id=\"0f93ce8\" data-element_type=\"widget\" data-e-type=\"widget\" data-widget_type=\"halstein_core_list_items.default\">\n\t\t\t\t<div class=\"elementor-widget-container\">\n\t\t\t\t\t<div class=\"qodef-shortcode qodef-m qodef-list-items qodef-layout--numbered-list\">\n\t\t\t<ol class=\"qodef-m-list\" >\n\t\t\t\t\t\t\t\t<li class=\"qodef-m-list-item\" >\n\t\t<h4 class=\"qodef-m-list-item-title\" >\n\t\t\t\tG\u00fcvenilir Proje ve Malzeme Kapasitesi:\t\t\t<\/h4>\n\t<p class=\"qodef-m-list-item-text\" >\n\t\tK\u00fcresel tedarik zincirindeki k\u0131r\u0131lmalardan kaynaklanan gecikmeleri ortadan kald\u0131rarak, projelerin mutlak s\u00fcreklili\u011fini garanti alt\u0131na almak i\u00e7in kritik hammaddelere ve uzman i\u015f g\u00fcc\u00fc havuzlar\u0131na g\u00fcvenli ve \u00f6ncelikli eri\u015fim sa\u011flamak.\t<\/p>\n<\/li>\n\t\t\t\t\t\t\t\t<li class=\"qodef-m-list-item\" >\n\t\t<h4 class=\"qodef-m-list-item-title\" >\n\t\t\t\tOperasyonel Risk Azaltma\t\t\t<\/h4>\n\t<p class=\"qodef-m-list-item-text\" >\n\t\tYa\u015fam d\u00f6ng\u00fcs\u00fcn\u00fcn her a\u015famas\u0131n\u0131 y\u00f6neten \u00f6ng\u00f6r\u00fcc\u00fc, yap\u0131land\u0131r\u0131lm\u0131\u015f dayan\u0131kl\u0131l\u0131k modellerinin uygulanmas\u0131 yoluyla lojistik darbo\u011fazlar\u0131, g\u00fcvenlik risklerini ve yap\u0131sal k\u0131r\u0131lganl\u0131klar\u0131 sistematik olarak azaltmak.\t<\/p>\n<\/li>\n\t\t\t\t\t\t\t\t<li class=\"qodef-m-list-item\" >\n\t\t<h4 class=\"qodef-m-list-item-title\" >\n\t\t\t\t\u00d6l\u00e7eklenebilir Kentsel Ekosistemler\t\t\t<\/h4>\n\t<p class=\"qodef-m-list-item-text\" >\n\t\tS\u00fcrd\u00fcr\u00fclebilir n\u00fcfus art\u0131\u015f\u0131n\u0131 ve ekonomik geni\u015flemeyi desteklemek \u00fczere tasarlanm\u0131\u015f, \u00e7evreye uyumlu ve adaptif bina a\u011flar\u0131 olu\u015fturarak, statik yap\u0131lar\u0131 \u015fehrin ya\u015fayan par\u00e7alar\u0131na d\u00f6n\u00fc\u015ft\u00fcrmek.\t<\/p>\n<\/li>\n\t\t\t\t<\/ol>\n\t<\/div>\n\t\t\t\t<\/div>\n\t\t\t\t<\/div>\n\t\t\t\t\t<\/div>\n\t\t<\/div>\n\t\t\t\t<div class=\"elementor-column elementor-col-50 elementor-inner-column elementor-element elementor-element-0d98797\" data-id=\"0d98797\" data-element_type=\"column\" data-e-type=\"column\">\n\t\t\t<div class=\"elementor-widget-wrap elementor-element-populated\">\n\t\t\t\t\t\t<div class=\"elementor-element elementor-element-db9347b elementor-widget elementor-widget-halstein_core_list_items\" data-id=\"db9347b\" data-element_type=\"widget\" data-e-type=\"widget\" data-widget_type=\"halstein_core_list_items.default\">\n\t\t\t\t<div class=\"elementor-widget-container\">\n\t\t\t\t\t<div class=\"qodef-shortcode qodef-m qodef-list-items qodef-layout--numbered-list\">\n\t\t\t<ol class=\"qodef-m-list\" style=\"counter-reset: counter 3\">\n\t\t\t\t\t\t\t\t<li class=\"qodef-m-list-item\" >\n\t\t<h4 class=\"qodef-m-list-item-title\" >\n\t\t\t\tGelece\u011fe Y\u00f6nelik Varl\u0131k De\u011ferlemesi\t\t\t<\/h4>\n\t<p class=\"qodef-m-list-item-text\" >\n\t\tYap\u0131lar\u0131n uzun vadeli uyarlanabilirli\u011fini g\u00f6z \u00f6n\u00fcnde bulundurarak tasarlanmas\u0131, de\u011fi\u015fen kentsel trendler ve on y\u0131llarca s\u00fcren kullan\u0131m boyunca \u00f6nemlerini ve y\u00fcksek piyasa de\u011ferlerini korumalar\u0131n\u0131 sa\u011flamak.\t<\/p>\n<\/li>\n\t\t\t\t\t\t\t\t<li class=\"qodef-m-list-item\" >\n\t\t<h4 class=\"qodef-m-list-item-title\" >\n\t\t\t\tEntegre Ak\u0131ll\u0131 Altyap\u0131\t\t\t<\/h4>\n\t<p class=\"qodef-m-list-item-text\" >\n\t\tAk\u0131ll\u0131 dijital altyap\u0131lar\u0131 fiziksel yap\u0131lara entegre ederek, gelecekteki sakinler i\u00e7in ger\u00e7ek zamanl\u0131 izleme, enerji verimlili\u011fi ve kesintisiz ba\u011flant\u0131 imkan\u0131 sa\u011fl\u0131yoruz.\t<\/p>\n<\/li>\n\t\t\t\t\t\t\t\t<li class=\"qodef-m-list-item\" >\n\t\t<h4 class=\"qodef-m-list-item-title\" >\n\t\t\t\tK\u00fcresel Uyumluluk Standardizasyonu\t\t\t<\/h4>\n\t<p class=\"qodef-m-list-item-text\" >\n\t\tHer yetki alan\u0131ndaki en kat\u0131 uluslararas\u0131 g\u00fcvenlik ve \u00e7evre y\u00f6netmeliklerini kar\u015f\u0131layan veya a\u015fan, birle\u015fik ve \u00fcst d\u00fczey bir kalite g\u00fcvence protokol\u00fc uygulamak.\t<\/p>\n<\/li>\n\t\t\t\t<\/ol>\n\t<\/div>\n\t\t\t\t<\/div>\n\t\t\t\t<\/div>\n\t\t\t\t\t<\/div>\n\t\t<\/div>\n\t\t\t\t\t<\/div>\n\t\t<\/section>\n\t\t\t\t\t<\/div>\n\t\t<\/div>\n\t\t\t\t\t<\/div>\n\t\t<\/section>\n\t\t\t\t<section data-particle_enable=\"false\" data-particle-mobile-disabled=\"false\" class=\"elementor-section elementor-top-section elementor-element elementor-element-41c2d8e elementor-section-full_width elementor-section-height-default elementor-section-height-default qodef-elementor-content-no\" data-id=\"41c2d8e\" data-element_type=\"section\" data-e-type=\"section\">\n\t\t\t\t\t\t<div class=\"elementor-container elementor-column-gap-default\">\n\t\t\t\t\t<div class=\"elementor-column elementor-col-100 elementor-top-column elementor-element elementor-element-ee9175b\" data-id=\"ee9175b\" data-element_type=\"column\" data-e-type=\"column\">\n\t\t\t<div class=\"elementor-widget-wrap\">\n\t\t\t\t\t\t\t<\/div>\n\t\t<\/div>\n\t\t\t\t\t<\/div>\n\t\t<\/section>\n\t\t\t\t<\/div>","protected":false},"excerpt":{"rendered":"<p>This is not just building structures. It is urban transformation orchestration and habitat capability \u2014 engineered for generational legacy and institutional stability. We do not operate as a conventional contractor focused solely on execution and labor. We architect high-resilience structural ecosystems and institutional infrastructure capacity that serve as the foundation for future economic activity. By [&hellip;]<\/p>\n","protected":false},"author":1,"featured_media":0,"parent":0,"menu_order":0,"comment_status":"closed","ping_status":"closed","template":"page-full-width.php","meta":{"footnotes":""},"class_list":["post-10492","page","type-page","status-publish","hentry"],"_links":{"self":[{"href":"https:\/\/icccreditcapital.com\/tr\/wp-json\/wp\/v2\/pages\/10492","targetHints":{"allow":["GET"]}}],"collection":[{"href":"https:\/\/icccreditcapital.com\/tr\/wp-json\/wp\/v2\/pages"}],"about":[{"href":"https:\/\/icccreditcapital.com\/tr\/wp-json\/wp\/v2\/types\/page"}],"author":[{"embeddable":true,"href":"https:\/\/icccreditcapital.com\/tr\/wp-json\/wp\/v2\/users\/1"}],"replies":[{"embeddable":true,"href":"https:\/\/icccreditcapital.com\/tr\/wp-json\/wp\/v2\/comments?post=10492"}],"version-history":[{"count":22,"href":"https:\/\/icccreditcapital.com\/tr\/wp-json\/wp\/v2\/pages\/10492\/revisions"}],"predecessor-version":[{"id":10713,"href":"https:\/\/icccreditcapital.com\/tr\/wp-json\/wp\/v2\/pages\/10492\/revisions\/10713"}],"wp:attachment":[{"href":"https:\/\/icccreditcapital.com\/tr\/wp-json\/wp\/v2\/media?parent=10492"}],"curies":[{"name":"wp","href":"https:\/\/api.w.org\/{rel}","templated":true}]}}