{"id":10697,"date":"2026-01-29T11:40:34","date_gmt":"2026-01-29T11:40:34","guid":{"rendered":"https:\/\/icccreditcapital.com\/?page_id=10697"},"modified":"2026-01-29T11:46:04","modified_gmt":"2026-01-29T11:46:04","slug":"artificial-intelligence","status":"publish","type":"page","link":"https:\/\/icccreditcapital.com\/tr\/artificial-intelligence\/","title":{"rendered":"Yapay Zeka"},"content":{"rendered":"<div data-elementor-type=\"wp-page\" data-elementor-id=\"10697\" class=\"elementor elementor-10697\" data-elementor-post-type=\"page\">\n\t\t\t\t\t\t<section data-particle_enable=\"false\" data-particle-mobile-disabled=\"false\" class=\"elementor-section elementor-top-section elementor-element elementor-element-dc36d44 elementor-section-full_width qodef-elementor-content-grid elementor-section-height-default elementor-section-height-default\" data-id=\"dc36d44\" data-element_type=\"section\" data-e-type=\"section\">\n\t\t\t\t\t\t<div class=\"elementor-container elementor-column-gap-default\">\n\t\t\t\t\t<div class=\"elementor-column elementor-col-33 elementor-top-column elementor-element elementor-element-29009b1\" data-id=\"29009b1\" data-element_type=\"column\" data-e-type=\"column\">\n\t\t\t<div class=\"elementor-widget-wrap elementor-element-populated\">\n\t\t\t\t\t\t<section data-particle_enable=\"false\" data-particle-mobile-disabled=\"false\" class=\"elementor-section elementor-inner-section elementor-element elementor-element-2e7835b elementor-section-boxed elementor-section-height-default elementor-section-height-default qodef-elementor-content-no\" data-id=\"2e7835b\" data-element_type=\"section\" data-e-type=\"section\">\n\t\t\t\t\t\t<div class=\"elementor-container elementor-column-gap-default\">\n\t\t\t\t\t<div class=\"elementor-column elementor-col-100 elementor-inner-column elementor-element elementor-element-9445372\" data-id=\"9445372\" data-element_type=\"column\" data-e-type=\"column\">\n\t\t\t<div class=\"elementor-widget-wrap elementor-element-populated\">\n\t\t\t\t\t\t<div class=\"elementor-element elementor-element-503d89d elementor-widget elementor-widget-halstein_core_single_image\" data-id=\"503d89d\" data-element_type=\"widget\" data-e-type=\"widget\" data-widget_type=\"halstein_core_single_image.default\">\n\t\t\t\t<div class=\"elementor-widget-container\">\n\t\t\t\t\t<div class=\"qodef-shortcode qodef-m qodef-single-image qodef-layout--default\">\n\t<div class=\"qodef-m-image\">\n\t\t\t\t<img decoding=\"async\" width=\"1\" height=\"290\" src=\"https:\/\/icccreditcapital.com\/wp-content\/uploads\/2021\/10\/h1-img-014.png\" class=\"attachment-full size-full\" alt=\"t\" \/>\t\t\t<\/div>\n<\/div>\n\t\t\t\t<\/div>\n\t\t\t\t<\/div>\n\t\t\t\t\t<\/div>\n\t\t<\/div>\n\t\t\t\t\t<\/div>\n\t\t<\/section>\n\t\t\t\t\t<\/div>\n\t\t<\/div>\n\t\t\t\t<div class=\"elementor-column elementor-col-66 elementor-top-column elementor-element elementor-element-55a6172\" data-id=\"55a6172\" data-element_type=\"column\" data-e-type=\"column\">\n\t\t\t<div class=\"elementor-widget-wrap elementor-element-populated\">\n\t\t\t\t\t\t<div class=\"elementor-element elementor-element-9c74d8a elementor-widget__width-initial elementor-widget elementor-widget-halstein_core_section_title\" data-id=\"9c74d8a\" data-element_type=\"widget\" data-e-type=\"widget\" data-widget_type=\"halstein_core_section_title.default\">\n\t\t\t\t<div class=\"elementor-widget-container\">\n\t\t\t\t\t<div class=\"qodef-shortcode qodef-m qodef-section-title qodef-alignment--left\">\n\t\t\t<h2 class=\"qodef-m-title\" style=\"font-size: 35px\">\n\t\t\t\t\tBizim i\u00e7in teknoloji sadece \u00fcretim de\u011fildir. <span class=\"qodef-highlight-text\" style=\"color: #B29063\">Teknoloji bili\u015fsel strateji d\u00fczenlemesi ve kurumsal istihbarat yetene\u011fidir; gelece\u011fi karar alma mimarileri i\u00e7in tasarl\u0131yoruz.<\/span> the future.\t\t\t<\/h2>\n\t\t\t<\/div>\n\t\t\t\t<\/div>\n\t\t\t\t<\/div>\n\t\t\t\t<section data-particle_enable=\"false\" data-particle-mobile-disabled=\"false\" class=\"elementor-section elementor-inner-section elementor-element elementor-element-4027888 elementor-section-full_width elementor-section-height-default elementor-section-height-default qodef-elementor-content-no\" data-id=\"4027888\" data-element_type=\"section\" data-e-type=\"section\">\n\t\t\t\t\t\t<div class=\"elementor-container elementor-column-gap-default\">\n\t\t\t\t\t<div class=\"elementor-column elementor-col-100 elementor-inner-column elementor-element elementor-element-8f0ba53\" data-id=\"8f0ba53\" data-element_type=\"column\" data-e-type=\"column\">\n\t\t\t<div class=\"elementor-widget-wrap\">\n\t\t\t\t\t\t\t<\/div>\n\t\t<\/div>\n\t\t\t\t\t<\/div>\n\t\t<\/section>\n\t\t\t\t\t<\/div>\n\t\t<\/div>\n\t\t\t\t\t<\/div>\n\t\t<\/section>\n\t\t<div data-particle_enable=\"false\" data-particle-mobile-disabled=\"false\" class=\"elementor-element elementor-element-534b8ba e-flex e-con-boxed qodef-elementor-content-no e-con e-parent\" data-id=\"534b8ba\" data-element_type=\"container\" data-e-type=\"container\">\n\t\t\t\t\t<div class=\"e-con-inner\">\n\t\t<div data-particle_enable=\"false\" data-particle-mobile-disabled=\"false\" class=\"elementor-element elementor-element-8c2f586 e-con-full e-flex qodef-elementor-content-no e-con e-child\" data-id=\"8c2f586\" data-element_type=\"container\" data-e-type=\"container\">\n\t\t\t\t<div class=\"elementor-element elementor-element-6cbffaf elementor-widget elementor-widget-image\" data-id=\"6cbffaf\" data-element_type=\"widget\" data-e-type=\"widget\" data-widget_type=\"image.default\">\n\t\t\t\t\t\t\t\t\t\t\t\t\t\t\t<img fetchpriority=\"high\" decoding=\"async\" width=\"1024\" height=\"683\" src=\"https:\/\/icccreditcapital.com\/wp-content\/uploads\/2025\/11\/pexels-thisisengineering-3861969-1024x683.jpg\" class=\"attachment-large size-large wp-image-10536\" alt=\"\" srcset=\"https:\/\/icccreditcapital.com\/wp-content\/uploads\/2025\/11\/pexels-thisisengineering-3861969-1024x683.jpg 1024w, https:\/\/icccreditcapital.com\/wp-content\/uploads\/2025\/11\/pexels-thisisengineering-3861969-300x200.jpg 300w, https:\/\/icccreditcapital.com\/wp-content\/uploads\/2025\/11\/pexels-thisisengineering-3861969-768x512.jpg 768w, https:\/\/icccreditcapital.com\/wp-content\/uploads\/2025\/11\/pexels-thisisengineering-3861969-1536x1024.jpg 1536w, https:\/\/icccreditcapital.com\/wp-content\/uploads\/2025\/11\/pexels-thisisengineering-3861969-2048x1366.jpg 2048w, https:\/\/icccreditcapital.com\/wp-content\/uploads\/2025\/11\/pexels-thisisengineering-3861969-600x400.jpg 600w\" sizes=\"(max-width: 1024px) 100vw, 1024px\" \/>\t\t\t\t\t\t\t\t\t\t\t\t\t\t\t<\/div>\n\t\t\t\t<\/div>\n\t\t<div data-particle_enable=\"false\" data-particle-mobile-disabled=\"false\" class=\"elementor-element elementor-element-b776030 e-con-full e-flex qodef-elementor-content-no e-con e-child\" data-id=\"b776030\" data-element_type=\"container\" data-e-type=\"container\">\n\t\t\t\t<div class=\"elementor-element elementor-element-501716e elementor-widget elementor-widget-spacer\" data-id=\"501716e\" data-element_type=\"widget\" data-e-type=\"widget\" data-widget_type=\"spacer.default\">\n\t\t\t\t\t\t\t<div class=\"elementor-spacer\">\n\t\t\t<div class=\"elementor-spacer-inner\"><\/div>\n\t\t<\/div>\n\t\t\t\t\t\t<\/div>\n\t\t\t\t<div class=\"elementor-element elementor-element-a997029 elementor-widget elementor-widget-text-editor\" data-id=\"a997029\" data-element_type=\"widget\" data-e-type=\"widget\" data-widget_type=\"text-editor.default\">\n\t\t\t\t\t\t\t\t\t<p>Biz sadece kod yazan yaz\u0131l\u0131m geli\u015ftiriciler olarak faaliyet g\u00f6stermiyoruz. Modern kurumsal y\u00f6netimi tan\u0131mlayan y\u00fcksek b\u00fct\u00fcnl\u00fckl\u00fc veri yap\u0131lar\u0131 ve kurumsal i\u00e7g\u00f6r\u00fc kapasitesi tasarl\u0131yoruz. Geli\u015fmi\u015f veri zekas\u0131 ve kusursuz kurumsal koordinasyon sayesinde, ham, yap\u0131land\u0131r\u0131lmam\u0131\u015f verilerin b\u00fcy\u00fck ak\u0131\u015flar\u0131n\u0131 eyleme ge\u00e7irilebilir stratejik \u00f6ng\u00f6r\u00fcye d\u00f6n\u00fc\u015ft\u00fcr\u00fcyoruz. \u0130leri g\u00f6r\u00fc\u015fl\u00fc kurumlar\u0131n bili\u015fsel yeteneklerini \u00f6l\u00e7eklendirmelerini, h\u0131zl\u0131 dijital d\u00f6n\u00fc\u015f\u00fcmlere uyum sa\u011flamalar\u0131n\u0131 ve operasyonlar\u0131n\u0131n \u00f6z\u00fcne zekay\u0131 yerle\u015ftirerek giderek otomasyonla\u015fan bir d\u00fcnyada konumlar\u0131n\u0131 g\u00fcvence alt\u0131na almalar\u0131n\u0131 sa\u011fl\u0131yoruz.<\/p>\t\t\t\t\t\t\t\t<\/div>\n\t\t\t\t<\/div>\n\t\t\t\t\t<\/div>\n\t\t\t\t<\/div>\n\t\t\t\t<section data-particle_enable=\"false\" data-particle-mobile-disabled=\"false\" class=\"elementor-section elementor-top-section elementor-element elementor-element-6f88544 elementor-section-full_width qodef-elementor-content-grid elementor-section-height-default elementor-section-height-default\" data-id=\"6f88544\" data-element_type=\"section\" data-e-type=\"section\">\n\t\t\t\t\t\t<div class=\"elementor-container elementor-column-gap-default\">\n\t\t\t\t\t<div class=\"elementor-column elementor-col-100 elementor-top-column elementor-element elementor-element-bc17f53\" data-id=\"bc17f53\" data-element_type=\"column\" data-e-type=\"column\">\n\t\t\t<div class=\"elementor-widget-wrap elementor-element-populated\">\n\t\t\t\t\t\t<div class=\"elementor-element elementor-element-f6159e4 elementor-widget__width-initial elementor-widget elementor-widget-halstein_core_section_title\" data-id=\"f6159e4\" data-element_type=\"widget\" data-e-type=\"widget\" data-widget_type=\"halstein_core_section_title.default\">\n\t\t\t\t<div class=\"elementor-widget-container\">\n\t\t\t\t\t<div class=\"qodef-shortcode qodef-m qodef-section-title qodef-alignment--left\">\n\t\t\t<h2 class=\"qodef-m-title\" style=\"font-size: 35px\">\n\t\t\t\t\tYakla\u015f\u0131m\u0131m\u0131z \u015funlar\u0131 sa\u011flar:\t\t\t<\/h2>\n\t\t\t<\/div>\n\t\t\t\t<\/div>\n\t\t\t\t<\/div>\n\t\t\t\t<section data-particle_enable=\"false\" data-particle-mobile-disabled=\"false\" class=\"elementor-section elementor-inner-section elementor-element elementor-element-039603f elementor-section-boxed elementor-section-height-default elementor-section-height-default qodef-elementor-content-no\" data-id=\"039603f\" data-element_type=\"section\" data-e-type=\"section\">\n\t\t\t\t\t\t<div class=\"elementor-container elementor-column-gap-default\">\n\t\t\t\t\t<div class=\"elementor-column elementor-col-50 elementor-inner-column elementor-element elementor-element-b313fb7\" data-id=\"b313fb7\" data-element_type=\"column\" data-e-type=\"column\">\n\t\t\t<div class=\"elementor-widget-wrap elementor-element-populated\">\n\t\t\t\t\t\t<div class=\"elementor-element elementor-element-0f93ce8 elementor-widget elementor-widget-halstein_core_list_items\" data-id=\"0f93ce8\" data-element_type=\"widget\" data-e-type=\"widget\" data-widget_type=\"halstein_core_list_items.default\">\n\t\t\t\t<div class=\"elementor-widget-container\">\n\t\t\t\t\t<div class=\"qodef-shortcode qodef-m qodef-list-items qodef-layout--numbered-list\">\n\t\t\t<ol class=\"qodef-m-list\" >\n\t\t\t\t\t\t\t\t<li class=\"qodef-m-list-item\" >\n\t\t<h4 class=\"qodef-m-list-item-title\" >\n\t\t\t\tG\u00fcvenilir Veri \u0130\u015fleme Kapasitesi\t\t\t<\/h4>\n\t<p class=\"qodef-m-list-item-text\" >\n\t\tVeri egemenli\u011fini garanti eden sa\u011flam bir altyap\u0131 ile desteklenen, kritik i\u015f kararlar\u0131n\u0131 y\u00f6nlendiren stratejik bilgi ak\u0131\u015flar\u0131na g\u00fcvenli, \u00f6l\u00e7eklenebilir ve d\u00fc\u015f\u00fck gecikmeli eri\u015fim sa\u011flamak.\t<\/p>\n<\/li>\n\t\t\t\t\t\t\t\t<li class=\"qodef-m-list-item\" >\n\t\t<h4 class=\"qodef-m-list-item-title\" >\n\t\t\t\tRisk ve Entegrasyon S\u00fcrt\u00fcnmesinin En Aza \u0130ndirilmesi\t\t\t<\/h4>\n\t<p class=\"qodef-m-list-item-text\" >\n\t\t\u015eeffaf, yap\u0131land\u0131r\u0131lm\u0131\u015f, denetime haz\u0131r ve g\u00fcvenli yapay zeka modellerinin kullan\u0131m\u0131 yoluyla teknolojik belirsizlikleri, algoritmik \u00f6nyarg\u0131lar\u0131 ve d\u00fczenleyici karma\u015f\u0131kl\u0131klar\u0131 azaltmak.\t<\/p>\n<\/li>\n\t\t\t\t\t\t\t\t<li class=\"qodef-m-list-item\" >\n\t\t<h4 class=\"qodef-m-list-item-title\" >\n\t\t\t\t\u00d6l\u00e7eklenebilir Zeka Ekosistemleri\t\t\t<\/h4>\n\t<p class=\"qodef-m-list-item-text\" >\n\t\tS\u00fcrd\u00fcr\u00fclebilir inovasyon i\u00e7in \u00f6zel olarak tasarlanm\u0131\u015f, kendi kendine \u00f6\u011frenen sistem a\u011flar\u0131 olu\u015fturmak ve bu sayede kurumun k\u00fcresel teknolojik liderli\u011fin \u00f6n saflar\u0131nda kalmas\u0131n\u0131 sa\u011flayan s\u00fcrekli adaptasyon olana\u011f\u0131 sunmak.\t<\/p>\n<\/li>\n\t\t\t\t<\/ol>\n\t<\/div>\n\t\t\t\t<\/div>\n\t\t\t\t<\/div>\n\t\t\t\t\t<\/div>\n\t\t<\/div>\n\t\t\t\t<div class=\"elementor-column elementor-col-50 elementor-inner-column elementor-element elementor-element-0d98797\" data-id=\"0d98797\" data-element_type=\"column\" data-e-type=\"column\">\n\t\t\t<div class=\"elementor-widget-wrap elementor-element-populated\">\n\t\t\t\t\t\t<div class=\"elementor-element elementor-element-db9347b elementor-widget elementor-widget-halstein_core_list_items\" data-id=\"db9347b\" data-element_type=\"widget\" data-e-type=\"widget\" data-widget_type=\"halstein_core_list_items.default\">\n\t\t\t\t<div class=\"elementor-widget-container\">\n\t\t\t\t\t<div class=\"qodef-shortcode qodef-m qodef-list-items qodef-layout--numbered-list\">\n\t\t\t<ol class=\"qodef-m-list\" style=\"counter-reset: counter 3\">\n\t\t\t\t\t\t\t\t<li class=\"qodef-m-list-item\" >\n\t\t<h4 class=\"qodef-m-list-item-title\" >\n\t\t\t\tEgemen Veri Y\u00f6netimi\t\t\t<\/h4>\n\t<p class=\"qodef-m-list-item-text\" >\n\t\tKurumsal bilginizin, bulut sa\u011flay\u0131c\u0131s\u0131na olan ba\u011f\u0131ml\u0131l\u0131ktan ba\u011f\u0131ms\u0131z olarak, kontrol\u00fcn\u00fcz alt\u0131nda korunmas\u0131n\u0131 sa\u011flayan kat\u0131 veri sahipli\u011fi mimarileri olu\u015fturmak.\t<\/p>\n<\/li>\n\t\t\t\t\t\t\t\t<li class=\"qodef-m-list-item\" >\n\t\t<h4 class=\"qodef-m-list-item-title\" >\n\t\t\t\tEtik Algoritmik B\u00fct\u00fcnl\u00fck\t\t\t<\/h4>\n\t<p class=\"qodef-m-list-item-text\" >\n\t\t\u015eeffaf, denetlenebilir \u00e7er\u00e7eveler \u00fczerine kurulu, etik karar alma s\u00fcre\u00e7lerine \u00f6ncelik veren ve \u00f6nyarg\u0131dan kaynaklanan itibar kayb\u0131n\u0131 \u00f6nleyen yapay zeka sistemlerinin devreye al\u0131nmas\u0131.\t<\/p>\n<\/li>\n\t\t\t\t\t\t\t\t<li class=\"qodef-m-list-item\" >\n\t\t<h4 class=\"qodef-m-list-item-title\" >\n\t\t\t\t\u00d6ng\u00f6r\u00fcc\u00fc Operasyonel \u00d6ng\u00f6r\u00fc\t\t\t<\/h4>\n\t<p class=\"qodef-m-list-item-text\" >\n\t\tGelecek senaryolar\u0131n\u0131 modellemek, ortaya \u00e7\u0131kan tehditleri belirlemek ve rakiplerden \u00f6nce f\u0131rsatlar\u0131 yakalamak i\u00e7in yapay zekay\u0131 kullanarak reaktif y\u00f6netimi proaktif liderli\u011fe d\u00f6n\u00fc\u015ft\u00fcrmek.\t<\/p>\n<\/li>\n\t\t\t\t<\/ol>\n\t<\/div>\n\t\t\t\t<\/div>\n\t\t\t\t<\/div>\n\t\t\t\t\t<\/div>\n\t\t<\/div>\n\t\t\t\t\t<\/div>\n\t\t<\/section>\n\t\t\t\t\t<\/div>\n\t\t<\/div>\n\t\t\t\t\t<\/div>\n\t\t<\/section>\n\t\t\t\t<\/div>","protected":false},"excerpt":{"rendered":"<p>This is not just technology. It is cognitive strategy orchestration and institutional intelligence capability \u2014 engineered for the decision-making architectures of the future. We do not operate simply as software developers writing code. We architect high-integrity data structures and institutional insight capacity that defines modern corporate governance. Through advanced data intelligence and seamless institutional coordination, [&hellip;]<\/p>\n","protected":false},"author":1,"featured_media":0,"parent":0,"menu_order":0,"comment_status":"closed","ping_status":"closed","template":"page-full-width.php","meta":{"footnotes":""},"class_list":["post-10697","page","type-page","status-publish","hentry"],"_links":{"self":[{"href":"https:\/\/icccreditcapital.com\/tr\/wp-json\/wp\/v2\/pages\/10697","targetHints":{"allow":["GET"]}}],"collection":[{"href":"https:\/\/icccreditcapital.com\/tr\/wp-json\/wp\/v2\/pages"}],"about":[{"href":"https:\/\/icccreditcapital.com\/tr\/wp-json\/wp\/v2\/types\/page"}],"author":[{"embeddable":true,"href":"https:\/\/icccreditcapital.com\/tr\/wp-json\/wp\/v2\/users\/1"}],"replies":[{"embeddable":true,"href":"https:\/\/icccreditcapital.com\/tr\/wp-json\/wp\/v2\/comments?post=10697"}],"version-history":[{"count":4,"href":"https:\/\/icccreditcapital.com\/tr\/wp-json\/wp\/v2\/pages\/10697\/revisions"}],"predecessor-version":[{"id":10702,"href":"https:\/\/icccreditcapital.com\/tr\/wp-json\/wp\/v2\/pages\/10697\/revisions\/10702"}],"wp:attachment":[{"href":"https:\/\/icccreditcapital.com\/tr\/wp-json\/wp\/v2\/media?parent=10697"}],"curies":[{"name":"wp","href":"https:\/\/api.w.org\/{rel}","templated":true}]}}