{"id":10733,"date":"2026-01-29T14:33:58","date_gmt":"2026-01-29T14:33:58","guid":{"rendered":"https:\/\/icccreditcapital.com\/?page_id=10733"},"modified":"2026-01-29T14:55:43","modified_gmt":"2026-01-29T14:55:43","slug":"our-projects","status":"publish","type":"page","link":"https:\/\/icccreditcapital.com\/tr\/our-projects\/","title":{"rendered":"Projelerimiz"},"content":{"rendered":"<div data-elementor-type=\"wp-page\" data-elementor-id=\"10733\" class=\"elementor elementor-10733\" data-elementor-post-type=\"page\">\n\t\t\t\t<div data-particle_enable=\"false\" data-particle-mobile-disabled=\"false\" class=\"elementor-element elementor-element-534b8ba e-flex e-con-boxed qodef-elementor-content-no e-con e-parent\" data-id=\"534b8ba\" data-element_type=\"container\" data-e-type=\"container\">\n\t\t\t\t\t<div class=\"e-con-inner\">\n\t\t<div data-particle_enable=\"false\" data-particle-mobile-disabled=\"false\" class=\"elementor-element elementor-element-8c2f586 e-con-full e-flex qodef-elementor-content-no e-con e-child\" data-id=\"8c2f586\" data-element_type=\"container\" data-e-type=\"container\">\n\t\t\t\t<div class=\"elementor-element elementor-element-fa684f3 elementor-widget elementor-widget-spacer\" data-id=\"fa684f3\" data-element_type=\"widget\" data-e-type=\"widget\" data-widget_type=\"spacer.default\">\n\t\t\t\t\t\t\t<div class=\"elementor-spacer\">\n\t\t\t<div class=\"elementor-spacer-inner\"><\/div>\n\t\t<\/div>\n\t\t\t\t\t\t<\/div>\n\t\t\t\t<div class=\"elementor-element elementor-element-6cbffaf elementor-widget elementor-widget-image\" data-id=\"6cbffaf\" data-element_type=\"widget\" data-e-type=\"widget\" data-widget_type=\"image.default\">\n\t\t\t\t\t\t\t\t\t\t\t\t\t\t\t<img fetchpriority=\"high\" decoding=\"async\" width=\"1024\" height=\"559\" src=\"https:\/\/icccreditcapital.com\/wp-content\/uploads\/2026\/01\/Gemini_Generated_Image_gpbaccgpbaccgpba-3-1024x559.png\" class=\"attachment-large size-large wp-image-10739\" alt=\"\" srcset=\"https:\/\/icccreditcapital.com\/wp-content\/uploads\/2026\/01\/Gemini_Generated_Image_gpbaccgpbaccgpba-3-1024x559.png 1024w, https:\/\/icccreditcapital.com\/wp-content\/uploads\/2026\/01\/Gemini_Generated_Image_gpbaccgpbaccgpba-3-300x164.png 300w, https:\/\/icccreditcapital.com\/wp-content\/uploads\/2026\/01\/Gemini_Generated_Image_gpbaccgpbaccgpba-3-768x419.png 768w, https:\/\/icccreditcapital.com\/wp-content\/uploads\/2026\/01\/Gemini_Generated_Image_gpbaccgpbaccgpba-3-1536x838.png 1536w, https:\/\/icccreditcapital.com\/wp-content\/uploads\/2026\/01\/Gemini_Generated_Image_gpbaccgpbaccgpba-3-2048x1117.png 2048w, https:\/\/icccreditcapital.com\/wp-content\/uploads\/2026\/01\/Gemini_Generated_Image_gpbaccgpbaccgpba-3-18x10.png 18w, https:\/\/icccreditcapital.com\/wp-content\/uploads\/2026\/01\/Gemini_Generated_Image_gpbaccgpbaccgpba-3-600x327.png 600w\" sizes=\"(max-width: 1024px) 100vw, 1024px\" \/>\t\t\t\t\t\t\t\t\t\t\t\t\t\t\t<\/div>\n\t\t\t\t<\/div>\n\t\t<div data-particle_enable=\"false\" data-particle-mobile-disabled=\"false\" class=\"elementor-element elementor-element-b776030 e-con-full e-flex qodef-elementor-content-no e-con e-child\" data-id=\"b776030\" data-element_type=\"container\" data-e-type=\"container\">\n\t\t\t\t<div class=\"elementor-element elementor-element-a997029 elementor-widget elementor-widget-text-editor\" data-id=\"a997029\" data-element_type=\"widget\" data-e-type=\"widget\" data-widget_type=\"text-editor.default\">\n\t\t\t\t\t\t\t\t\t<p data-path-to-node=\"5\">Jeopolitik istikrars\u0131zl\u0131k ve teknolojik d\u00f6n\u00fc\u015f\u00fcm\u00fcn \u015fekillendirdi\u011fi bir ortamda, ger\u00e7ek liderlik, kat\u0131l\u0131mdan daha fazlas\u0131n\u0131 gerektirir; koordinasyon ister. Bu belge, y\u00fcksek b\u00fct\u00fcnl\u00fc\u011fe sahip sermaye yap\u0131lar\u0131n\u0131, enerji egemenli\u011fini ve bili\u015fsel zekay\u0131 birle\u015fik bir b\u00fcy\u00fcme motoruna entegre etmeye y\u00f6nelik \u00e7al\u0131\u015fma \u00e7er\u00e7evemizi ortaya koymaktad\u0131r.<\/p><p data-path-to-node=\"6\">Operasyonlar\u0131m\u0131z\u0131n yap\u0131sal derinli\u011fini incelemeye davet ediyoruz. \u0130\u00e7eride, s\u0131n\u0131r \u00f6tesi dayan\u0131kl\u0131l\u0131\u011f\u0131 nas\u0131l tasarlad\u0131\u011f\u0131m\u0131z\u0131, karma\u015f\u0131k d\u00fczenleyici ortamlarda nas\u0131l yol ald\u0131\u011f\u0131m\u0131z\u0131 ve operasyonel s\u00fcrt\u00fc\u015fmeyi stratejik bir kald\u0131ra\u00e7 haline nas\u0131l d\u00f6n\u00fc\u015ft\u00fcrd\u00fc\u011f\u00fcm\u00fcz\u00fc ke\u015ffedeceksiniz. Bu, uzun vadeli ekonomik \u00fcst\u00fcnl\u00fck sa\u011flamay\u0131 hedefleyen kurumlar i\u00e7in bir yol haritas\u0131d\u0131r.<\/p><p data-path-to-node=\"7\">\u00a0<\/p>\t\t\t\t\t\t\t\t<\/div>\n\t\t\t\t<div class=\"elementor-element elementor-element-7101a2c elementor-widget elementor-widget-halstein_core_button\" data-id=\"7101a2c\" data-element_type=\"widget\" data-e-type=\"widget\" data-widget_type=\"halstein_core_button.default\">\n\t\t\t\t<div class=\"elementor-widget-container\">\n\t\t\t\t\t<a class=\"qodef-shortcode qodef-m qodef-button qodef-layout--filled-one qodef-html--link\" href=\"https:\/\/icccreditcapital.com\/investment-portfolio.pdf\" target=\"_blank\"  >\n\t<span class=\"qodef-m-text\">T\u00fcm Projeleri G\u00f6r\u00fcnt\u00fcle<\/span>\n<\/a>\n\t\t\t\t<\/div>\n\t\t\t\t<\/div>\n\t\t\t\t<\/div>\n\t\t\t\t\t<\/div>\n\t\t\t\t<\/div>\n\t\t\t\t<section data-particle_enable=\"false\" data-particle-mobile-disabled=\"false\" class=\"elementor-section elementor-top-section elementor-element elementor-element-41c2d8e elementor-section-full_width elementor-section-height-default elementor-section-height-default qodef-elementor-content-no\" data-id=\"41c2d8e\" data-element_type=\"section\" data-e-type=\"section\">\n\t\t\t\t\t\t<div class=\"elementor-container elementor-column-gap-default\">\n\t\t\t\t\t<div class=\"elementor-column elementor-col-100 elementor-top-column elementor-element elementor-element-ee9175b\" data-id=\"ee9175b\" data-element_type=\"column\" data-e-type=\"column\">\n\t\t\t<div class=\"elementor-widget-wrap\">\n\t\t\t\t\t\t\t<\/div>\n\t\t<\/div>\n\t\t\t\t\t<\/div>\n\t\t<\/section>\n\t\t\t\t<\/div>","protected":false},"excerpt":{"rendered":"<p>In a landscape defined by geopolitical volatility and technological disruption, true leadership requires more than participation\u2014it demands orchestration. This document unveils our proprietary framework for integrating high-integrity capital structures, energy sovereignty, and cognitive intelligence into a unified engine of growth. We invite you to examine the structural depth of our operations. Inside, you will discover [&hellip;]<\/p>\n","protected":false},"author":1,"featured_media":0,"parent":0,"menu_order":0,"comment_status":"closed","ping_status":"closed","template":"page-full-width.php","meta":{"footnotes":""},"class_list":["post-10733","page","type-page","status-publish","hentry"],"_links":{"self":[{"href":"https:\/\/icccreditcapital.com\/tr\/wp-json\/wp\/v2\/pages\/10733","targetHints":{"allow":["GET"]}}],"collection":[{"href":"https:\/\/icccreditcapital.com\/tr\/wp-json\/wp\/v2\/pages"}],"about":[{"href":"https:\/\/icccreditcapital.com\/tr\/wp-json\/wp\/v2\/types\/page"}],"author":[{"embeddable":true,"href":"https:\/\/icccreditcapital.com\/tr\/wp-json\/wp\/v2\/users\/1"}],"replies":[{"embeddable":true,"href":"https:\/\/icccreditcapital.com\/tr\/wp-json\/wp\/v2\/comments?post=10733"}],"version-history":[{"count":5,"href":"https:\/\/icccreditcapital.com\/tr\/wp-json\/wp\/v2\/pages\/10733\/revisions"}],"predecessor-version":[{"id":10745,"href":"https:\/\/icccreditcapital.com\/tr\/wp-json\/wp\/v2\/pages\/10733\/revisions\/10745"}],"wp:attachment":[{"href":"https:\/\/icccreditcapital.com\/tr\/wp-json\/wp\/v2\/media?parent=10733"}],"curies":[{"name":"wp","href":"https:\/\/api.w.org\/{rel}","templated":true}]}}