{"id":1140,"date":"2021-10-07T08:32:19","date_gmt":"2021-10-07T08:32:19","guid":{"rendered":"https:\/\/halstein.qodeinteractive.com\/?page_id=1140"},"modified":"2026-01-29T11:54:21","modified_gmt":"2026-01-29T11:54:21","slug":"about-us","status":"publish","type":"page","link":"https:\/\/icccreditcapital.com\/tr\/about-us\/","title":{"rendered":"Hakk\u0131m\u0131zda"},"content":{"rendered":"<div data-elementor-type=\"wp-page\" data-elementor-id=\"1140\" class=\"elementor elementor-1140\" data-elementor-post-type=\"page\">\n\t\t\t\t\t\t<section data-particle_enable=\"false\" data-particle-mobile-disabled=\"false\" class=\"elementor-section elementor-top-section elementor-element elementor-element-dc36d44 elementor-section-full_width qodef-elementor-content-grid elementor-section-height-default elementor-section-height-default\" data-id=\"dc36d44\" data-element_type=\"section\" data-e-type=\"section\">\n\t\t\t\t\t\t<div class=\"elementor-container elementor-column-gap-default\">\n\t\t\t\t\t<div class=\"elementor-column elementor-col-33 elementor-top-column elementor-element elementor-element-29009b1\" data-id=\"29009b1\" data-element_type=\"column\" data-e-type=\"column\">\n\t\t\t<div class=\"elementor-widget-wrap elementor-element-populated\">\n\t\t\t\t\t\t<section data-particle_enable=\"false\" data-particle-mobile-disabled=\"false\" class=\"elementor-section elementor-inner-section elementor-element elementor-element-2e7835b elementor-section-boxed elementor-section-height-default elementor-section-height-default qodef-elementor-content-no\" data-id=\"2e7835b\" data-element_type=\"section\" data-e-type=\"section\">\n\t\t\t\t\t\t<div class=\"elementor-container elementor-column-gap-default\">\n\t\t\t\t\t<div class=\"elementor-column elementor-col-100 elementor-inner-column elementor-element elementor-element-9445372\" data-id=\"9445372\" data-element_type=\"column\" data-e-type=\"column\">\n\t\t\t<div class=\"elementor-widget-wrap elementor-element-populated\">\n\t\t\t\t\t\t<div class=\"elementor-element elementor-element-503d89d elementor-widget elementor-widget-halstein_core_single_image\" data-id=\"503d89d\" data-element_type=\"widget\" data-e-type=\"widget\" data-widget_type=\"halstein_core_single_image.default\">\n\t\t\t\t<div class=\"elementor-widget-container\">\n\t\t\t\t\t<div class=\"qodef-shortcode qodef-m qodef-single-image qodef-layout--default\">\n\t<div class=\"qodef-m-image\">\n\t\t\t\t<img decoding=\"async\" width=\"1\" height=\"290\" src=\"https:\/\/icccreditcapital.com\/wp-content\/uploads\/2021\/10\/h1-img-014.png\" class=\"attachment-full size-full\" alt=\"t\" \/>\t\t\t<\/div>\n<\/div>\n\t\t\t\t<\/div>\n\t\t\t\t<\/div>\n\t\t\t\t\t<\/div>\n\t\t<\/div>\n\t\t\t\t\t<\/div>\n\t\t<\/section>\n\t\t\t\t\t<\/div>\n\t\t<\/div>\n\t\t\t\t<div class=\"elementor-column elementor-col-66 elementor-top-column elementor-element elementor-element-55a6172\" data-id=\"55a6172\" data-element_type=\"column\" data-e-type=\"column\">\n\t\t\t<div class=\"elementor-widget-wrap elementor-element-populated\">\n\t\t\t\t\t\t<div class=\"elementor-element elementor-element-9c74d8a elementor-widget__width-initial elementor-widget elementor-widget-halstein_core_section_title\" data-id=\"9c74d8a\" data-element_type=\"widget\" data-e-type=\"widget\" data-widget_type=\"halstein_core_section_title.default\">\n\t\t\t\t<div class=\"elementor-widget-container\">\n\t\t\t\t\t<div class=\"qodef-shortcode qodef-m qodef-section-title qodef-alignment--left\">\n\t\t\t<h2 class=\"qodef-m-title\" style=\"font-size: 35px\">\n\t\t\t\t\tBu i\u015flemsel bir etkile\u015fim de\u011fil. <span class=\"qodef-highlight-text\" style=\"color: #B29063\">Bu, kal\u0131c\u0131 olacak \u015fekilde in\u015fa edilmi\u015f kurumsal ortakl\u0131k ve yetenek geli\u015ftirmedir.<\/span>\t\t\t<\/h2>\n\t\t\t<\/div>\n\t\t\t\t<\/div>\n\t\t\t\t<\/div>\n\t\t\t\t<section data-particle_enable=\"false\" data-particle-mobile-disabled=\"false\" class=\"elementor-section elementor-inner-section elementor-element elementor-element-4027888 elementor-section-full_width elementor-section-height-default elementor-section-height-default qodef-elementor-content-no\" data-id=\"4027888\" data-element_type=\"section\" data-e-type=\"section\">\n\t\t\t\t\t\t<div class=\"elementor-container elementor-column-gap-default\">\n\t\t\t\t\t<div class=\"elementor-column elementor-col-100 elementor-inner-column elementor-element elementor-element-8f0ba53\" data-id=\"8f0ba53\" data-element_type=\"column\" data-e-type=\"column\">\n\t\t\t<div class=\"elementor-widget-wrap\">\n\t\t\t\t\t\t\t<\/div>\n\t\t<\/div>\n\t\t\t\t\t<\/div>\n\t\t<\/section>\n\t\t\t\t\t<\/div>\n\t\t<\/div>\n\t\t\t\t\t<\/div>\n\t\t<\/section>\n\t\t<div data-particle_enable=\"false\" data-particle-mobile-disabled=\"false\" class=\"elementor-element elementor-element-534b8ba e-flex e-con-boxed qodef-elementor-content-no e-con e-parent\" data-id=\"534b8ba\" data-element_type=\"container\" data-e-type=\"container\">\n\t\t\t\t\t<div class=\"e-con-inner\">\n\t\t<div data-particle_enable=\"false\" data-particle-mobile-disabled=\"false\" class=\"elementor-element elementor-element-8c2f586 e-con-full e-flex qodef-elementor-content-no e-con e-child\" data-id=\"8c2f586\" data-element_type=\"container\" data-e-type=\"container\">\n\t\t\t\t<div class=\"elementor-element elementor-element-6cbffaf elementor-widget elementor-widget-image\" data-id=\"6cbffaf\" data-element_type=\"widget\" data-e-type=\"widget\" data-widget_type=\"image.default\">\n\t\t\t\t\t\t\t\t\t\t\t\t\t\t\t<img fetchpriority=\"high\" decoding=\"async\" width=\"876\" height=\"1024\" src=\"https:\/\/icccreditcapital.com\/wp-content\/uploads\/2021\/10\/h11-img-02-876x1024.jpg\" class=\"attachment-large size-large wp-image-2114\" alt=\"\" srcset=\"https:\/\/icccreditcapital.com\/wp-content\/uploads\/2021\/10\/h11-img-02-876x1024.jpg 876w, https:\/\/icccreditcapital.com\/wp-content\/uploads\/2021\/10\/h11-img-02-257x300.jpg 257w, https:\/\/icccreditcapital.com\/wp-content\/uploads\/2021\/10\/h11-img-02-768x897.jpg 768w, https:\/\/icccreditcapital.com\/wp-content\/uploads\/2021\/10\/h11-img-02-10x12.jpg 10w, https:\/\/icccreditcapital.com\/wp-content\/uploads\/2021\/10\/h11-img-02-600x701.jpg 600w, https:\/\/icccreditcapital.com\/wp-content\/uploads\/2021\/10\/h11-img-02.jpg 1300w\" sizes=\"(max-width: 876px) 100vw, 876px\" \/>\t\t\t\t\t\t\t\t\t\t\t\t\t\t\t<\/div>\n\t\t\t\t<\/div>\n\t\t<div data-particle_enable=\"false\" data-particle-mobile-disabled=\"false\" class=\"elementor-element elementor-element-b776030 e-con-full e-flex qodef-elementor-content-no e-con e-child\" data-id=\"b776030\" data-element_type=\"container\" data-e-type=\"container\">\n\t\t\t\t<div class=\"elementor-element elementor-element-a997029 elementor-widget elementor-widget-text-editor\" data-id=\"a997029\" data-element_type=\"widget\" data-e-type=\"widget\" data-widget_type=\"text-editor.default\">\n\t\t\t\t\t\t\t\t\t<p><b>ICC Kredi Sermayesi <\/b><span style=\"letter-spacing: 0px; text-transform: initial;\">Ticaret, teknoloji ve kurumsal yenilik kesi\u015fiminde yer alan kurulu\u015flar\u0131 g\u00fc\u00e7lendirir.<\/span><\/p><div class=\"qodef-m-text\"><p>Pazarlar\u0131 birbirine ba\u011fl\u0131yoruz, d\u00f6n\u00fc\u015f\u00fcm\u00fc h\u0131zland\u0131r\u0131yoruz ve dayan\u0131kl\u0131, gelece\u011fe y\u00f6nelik i\u015f ekosistemleri in\u015fa ediyoruz.<\/p><p>Biz bir sat\u0131c\u0131 veya geleneksel bir ortak olarak hareket etmiyoruz.<br \/>Biz bir\u00a0<strong>stratejik g\u00fc\u00e7 kataliz\u00f6r\u00fc<\/strong>\u00a0\u2014 netlik, kapasite ve gelece\u011fe haz\u0131r olma sa\u011fl\u0131yor.<\/p><p>S\u0131n\u0131r \u00f6tesi tedarik a\u011flar\u0131n\u0131, veri odakl\u0131 istihbarat\u0131 ve ileri teknolojiyi birle\u015ftirerek k\u00fcresel rekabet g\u00fcc\u00fcn\u00fc yeniden tan\u0131mlamak.<\/p><p data-start=\"845\" data-end=\"1096\">Karar g\u00fcvenini \u015fekillendiriyor, kurumsal kapasiteyi \u00f6l\u00e7eklendiriyor ve kal\u0131c\u0131 rekabet avantaj\u0131 sa\u011fl\u0131yoruz; kurulu\u015flar\u0131n belirsiz k\u00fcresel ortamlarda netlik ve inan\u00e7la faaliyet g\u00f6stermelerine rehberlik ediyoruz.<br data-start=\"415\" data-end=\"418\" \/>Disiplinli stratejiyi, gelece\u011fe uygun i\u015fletme mimarilerini ve veri odakl\u0131 zekay\u0131 bir araya getirerek d\u00f6n\u00fc\u015f\u00fcm\u00fc h\u0131zland\u0131r\u0131yor, sistemsel de\u011fer yarat\u0131m\u0131n\u0131 harekete ge\u00e7iriyor ve uzun vadeli dayan\u0131kl\u0131l\u0131k sa\u011fl\u0131yoruz. B\u00f6ylece ortaklar\u0131m\u0131z\u0131n yaln\u0131zca istikrar anlar\u0131nda de\u011fil, karma\u015f\u0131kl\u0131k, kesinti ve stratejik d\u00f6n\u00fcm noktalar\u0131nda da liderlik etmesini sa\u011fl\u0131yoruz.<\/p><\/div>\t\t\t\t\t\t\t\t<\/div>\n\t\t\t\t<\/div>\n\t\t\t\t\t<\/div>\n\t\t\t\t<\/div>\n\t\t\t\t<section data-particle_enable=\"false\" data-particle-mobile-disabled=\"false\" class=\"elementor-section elementor-top-section elementor-element elementor-element-6f88544 elementor-section-full_width qodef-elementor-content-grid elementor-section-height-default elementor-section-height-default\" data-id=\"6f88544\" data-element_type=\"section\" data-e-type=\"section\">\n\t\t\t\t\t\t<div class=\"elementor-container elementor-column-gap-default\">\n\t\t\t\t\t<div class=\"elementor-column elementor-col-100 elementor-top-column elementor-element elementor-element-bc17f53\" data-id=\"bc17f53\" data-element_type=\"column\" data-e-type=\"column\">\n\t\t\t<div class=\"elementor-widget-wrap elementor-element-populated\">\n\t\t\t\t\t\t<div class=\"elementor-element elementor-element-f6159e4 elementor-widget__width-initial elementor-widget elementor-widget-halstein_core_section_title\" data-id=\"f6159e4\" data-element_type=\"widget\" data-e-type=\"widget\" data-widget_type=\"halstein_core_section_title.default\">\n\t\t\t\t<div class=\"elementor-widget-container\">\n\t\t\t\t\t<div class=\"qodef-shortcode qodef-m qodef-section-title qodef-alignment--left\">\n\t\t<h6 class=\"qodef-m-tagline\" >\n\t\tStratejik Amac\u0131m\u0131z\t<\/h6>\n\t\t<h2 class=\"qodef-m-title\" style=\"font-size: 35px\">\n\t\t\t\t\tK\u00fcresel Rekabetin Gelecek D\u00f6nemini Tan\u0131mlamak\t\t\t<\/h2>\n\t\t\t<p class=\"qodef-m-text-field\" >\n\t\tS\u0131n\u0131r \u00f6tesi ticaretin, teknolojinin ve kurumsal kapasitenin birle\u015fti\u011fi yer.\t<\/p>\n\t<\/div>\n\t\t\t\t<\/div>\n\t\t\t\t<\/div>\n\t\t\t\t<section data-particle_enable=\"false\" data-particle-mobile-disabled=\"false\" class=\"elementor-section elementor-inner-section elementor-element elementor-element-039603f elementor-section-boxed elementor-section-height-default elementor-section-height-default qodef-elementor-content-no\" data-id=\"039603f\" data-element_type=\"section\" data-e-type=\"section\">\n\t\t\t\t\t\t<div class=\"elementor-container elementor-column-gap-default\">\n\t\t\t\t\t<div class=\"elementor-column elementor-col-50 elementor-inner-column elementor-element elementor-element-b313fb7\" data-id=\"b313fb7\" data-element_type=\"column\" data-e-type=\"column\">\n\t\t\t<div class=\"elementor-widget-wrap elementor-element-populated\">\n\t\t\t\t\t\t<div class=\"elementor-element elementor-element-0f93ce8 elementor-widget elementor-widget-halstein_core_list_items\" data-id=\"0f93ce8\" data-element_type=\"widget\" data-e-type=\"widget\" data-widget_type=\"halstein_core_list_items.default\">\n\t\t\t\t<div class=\"elementor-widget-container\">\n\t\t\t\t\t<div class=\"qodef-shortcode qodef-m qodef-list-items qodef-layout--numbered-list\">\n\t\t\t<ol class=\"qodef-m-list\" >\n\t\t\t\t\t\t\t\t<li class=\"qodef-m-list-item\" >\n\t\t<h4 class=\"qodef-m-list-item-title\" >\n\t\t\t\tFinans Stratejik Sermaye ve Likidite Mimarisi\t\t\t<\/h4>\n\t<p class=\"qodef-m-list-item-text\" >\n\t\tKurumsal varl\u0131k dayan\u0131kl\u0131l\u0131\u011f\u0131, egemen ekonomik uyum ve \u00f6l\u00e7eklenebilir sermaye y\u00f6netimi.\t<\/p>\n<\/li>\n\t\t\t\t\t\t\t\t<li class=\"qodef-m-list-item\" >\n\t\t<h4 class=\"qodef-m-list-item-title\" >\n\t\t\t\tEnerji Enerji G\u00fcvenli\u011fi ve Kaynak Egemenli\u011fi\t\t\t<\/h4>\n\t<p class=\"qodef-m-list-item-text\" >\n\t\tStratejik tedarik koridoru y\u00f6netimi, jeopolitik riskten korunma ve altyap\u0131 s\u00fcreklili\u011fi.\t<\/p>\n<\/li>\n\t\t\t\t\t\t\t\t<li class=\"qodef-m-list-item\" >\n\t\t<h4 class=\"qodef-m-list-item-title\" >\n\t\t\t\t\u0130n\u015faat, Kentsel D\u00f6n\u00fc\u015f\u00fcm ve Altyap\u0131 M\u00fchendisli\u011fi\t\t\t<\/h4>\n\t<p class=\"qodef-m-list-item-text\" >\n\t\tDayan\u0131kl\u0131 ekosistem tasar\u0131m\u0131, \u00f6l\u00e7eklenebilir ya\u015fam alan\u0131 planlamas\u0131 ve s\u00fcrd\u00fcr\u00fclebilir \u015fehir y\u00f6netimi.\t<\/p>\n<\/li>\n\t\t\t\t<\/ol>\n\t<\/div>\n\t\t\t\t<\/div>\n\t\t\t\t<\/div>\n\t\t\t\t\t<\/div>\n\t\t<\/div>\n\t\t\t\t<div class=\"elementor-column elementor-col-50 elementor-inner-column elementor-element elementor-element-0d98797\" data-id=\"0d98797\" data-element_type=\"column\" data-e-type=\"column\">\n\t\t\t<div class=\"elementor-widget-wrap elementor-element-populated\">\n\t\t\t\t\t\t<div class=\"elementor-element elementor-element-db9347b elementor-widget elementor-widget-halstein_core_list_items\" data-id=\"db9347b\" data-element_type=\"widget\" data-e-type=\"widget\" data-widget_type=\"halstein_core_list_items.default\">\n\t\t\t\t<div class=\"elementor-widget-container\">\n\t\t\t\t\t<div class=\"qodef-shortcode qodef-m qodef-list-items qodef-layout--numbered-list\">\n\t\t\t<ol class=\"qodef-m-list\" style=\"counter-reset: counter 2\">\n\t\t\t\t\t\t\t\t<li class=\"qodef-m-list-item\" >\n\t\t<h4 class=\"qodef-m-list-item-title\" >\n\t\t\t\tSanayi, End\u00fcstriyel Hakimiyet ve \u00dcretim Stratejisi\t\t\t<\/h4>\n\t<p class=\"qodef-m-list-item-text\" >\n\t\tBa\u011f\u0131ms\u0131z \u00fcretim kapasitesi, \u00e7evik tedarik zinciri y\u00f6netimi ve h\u0131zl\u0131 pazar uygulamas\u0131.\t<\/p>\n<\/li>\n\t\t\t\t\t\t\t\t<li class=\"qodef-m-list-item\" >\n\t\t<h4 class=\"qodef-m-list-item-title\" >\n\t\t\t\tYapay Zeka, Bili\u015fsel Strateji ve Kurumsal Zeka\t\t\t<\/h4>\n\t<p class=\"qodef-m-list-item-text\" >\n\t\tEgemen veri mimarileri, \u00f6ng\u00f6r\u00fcc\u00fc operasyonel \u00f6ng\u00f6r\u00fc ve otomatik karar modellemesi.\t<\/p>\n<\/li>\n\t\t\t\t<\/ol>\n\t<\/div>\n\t\t\t\t<\/div>\n\t\t\t\t<\/div>\n\t\t\t\t\t<\/div>\n\t\t<\/div>\n\t\t\t\t\t<\/div>\n\t\t<\/section>\n\t\t\t\t\t<\/div>\n\t\t<\/div>\n\t\t\t\t\t<\/div>\n\t\t<\/section>\n\t\t\t\t<section data-particle_enable=\"false\" data-particle-mobile-disabled=\"false\" class=\"elementor-section elementor-top-section elementor-element elementor-element-41c2d8e elementor-section-full_width elementor-section-height-default elementor-section-height-default qodef-elementor-content-no\" data-id=\"41c2d8e\" data-element_type=\"section\" data-e-type=\"section\">\n\t\t\t\t\t\t<div class=\"elementor-container elementor-column-gap-default\">\n\t\t\t\t\t<div class=\"elementor-column elementor-col-100 elementor-top-column elementor-element elementor-element-ee9175b\" data-id=\"ee9175b\" data-element_type=\"column\" data-e-type=\"column\">\n\t\t\t<div class=\"elementor-widget-wrap elementor-element-populated\">\n\t\t\t\t\t\t<div class=\"elementor-element elementor-element-6f944b8 elementor-widget elementor-widget-halstein_core_video_button_with_text\" data-id=\"6f944b8\" data-element_type=\"widget\" data-e-type=\"widget\" data-widget_type=\"halstein_core_video_button_with_text.default\">\n\t\t\t\t<div class=\"elementor-widget-container\">\n\t\t\t\t\t<div class=\"qodef-shortcode qodef-m qodef-video-button-with-text qodef-layout--video-button-left\">\n\t\t<div class=\"qodef-m-video-button\">\n\t\t<div class=\"qodef-shortcode qodef-m qodef-video-button qodef--has-img\">\t\t<div class=\"qodef-m-image\">\t\t<img decoding=\"async\" width=\"1280\" height=\"850\" src=\"https:\/\/icccreditcapital.com\/wp-content\/uploads\/2021\/10\/h1-video-img-01.jpg\" class=\"attachment-full size-full\" alt=\"t\" srcset=\"https:\/\/icccreditcapital.com\/wp-content\/uploads\/2021\/10\/h1-video-img-01.jpg 1280w, https:\/\/icccreditcapital.com\/wp-content\/uploads\/2021\/10\/h1-video-img-01-300x199.jpg 300w, https:\/\/icccreditcapital.com\/wp-content\/uploads\/2021\/10\/h1-video-img-01-1024x680.jpg 1024w, https:\/\/icccreditcapital.com\/wp-content\/uploads\/2021\/10\/h1-video-img-01-768x510.jpg 768w, https:\/\/icccreditcapital.com\/wp-content\/uploads\/2021\/10\/h1-video-img-01-18x12.jpg 18w, https:\/\/icccreditcapital.com\/wp-content\/uploads\/2021\/10\/h1-video-img-01-600x398.jpg 600w\" sizes=\"(max-width: 1280px) 100vw, 1280px\" \/>\t<\/div>\t\t<a itemprop=\"url\" class=\"qodef-m-play qodef-magnific-popup qodef-popup-item\"  href=\"https:\/\/vimeo.com\/124801644\" data-type=\"iframe\">\t\t<span class=\"qodef-m-play-inner\">\t\t\t<svg class=\"qodef-svg--video-button\" xmlns=\"http:\/\/www.w3.org\/2000\/svg\"\r     xmlns:xlink=\"http:\/\/www.w3.org\/1999\/xlink\" x=\"0px\" y=\"0px\" width=\"206px\"\r     viewbox=\"0 0 206 206\" style=\"enable-background:new 0 0 206 206;\" xml:space=\"preserve\"><circle class=\"qodef-m-circle\" stroke-miterlimit=\"10\" cx=\"103\" cy=\"103\" r=\"100\"\/><path class=\"qodef-m-arrow\" d=\"M95.4,94.4l15,9.4l-15,9.4V94.4z\"\/><path class=\"qodef-m-circle-half qodef--top-half\" stroke-width=\"3\" stroke-miterlimit=\"10\"\r\t      d=\"M16.4,53C44,5.2,105.2-11.2,153,16.4s64.2,88.8,36.6,136.6\"\/><path class=\"qodef-m-circle-half  qodef--bottom-half\" stroke-width=\"3\" stroke-miterlimit=\"10\"\r\t      d=\"M189.6,153C162,200.8,100.8,217.2,53,189.6S-11.2,100.8,16.4,53\"\/><\/svg>\t\t<\/span>\t<\/a><\/div>\t<\/div>\n\t<div class=\"qodef-m-content\">\n\t\t<div class=\"qodef-m-content-image\">\n\t<img loading=\"lazy\" decoding=\"async\" width=\"640\" height=\"850\" src=\"https:\/\/icccreditcapital.com\/wp-content\/uploads\/2021\/10\/h1-img-06.jpg\" class=\"attachment-full size-full\" alt=\"t\" srcset=\"https:\/\/icccreditcapital.com\/wp-content\/uploads\/2021\/10\/h1-img-06.jpg 640w, https:\/\/icccreditcapital.com\/wp-content\/uploads\/2021\/10\/h1-img-06-226x300.jpg 226w, https:\/\/icccreditcapital.com\/wp-content\/uploads\/2021\/10\/h1-img-06-9x12.jpg 9w, https:\/\/icccreditcapital.com\/wp-content\/uploads\/2021\/10\/h1-img-06-600x797.jpg 600w\" sizes=\"(max-width: 640px) 100vw, 640px\" \/><\/div>\n\t\t<div class=\"qodef-m-content-inner\" >\n\t\t\t\t<h4 class=\"qodef-m-text\" >\n\t\tKurumsal Vizyon ve<br \/> Stratejik Liderlik\n<br>K\u00fcresel bir bak\u0131\u015f a\u00e7\u0131s\u0131<br \/> ticaret, teknoloji ve dayan\u0131kl\u0131 ekonomilerin gelece\u011fi \u00fczerine.\t<\/h4>\n\t\t<\/div>\n\t<\/div>\n<\/div>\n\t\t\t\t<\/div>\n\t\t\t\t<\/div>\n\t\t\t\t\t<\/div>\n\t\t<\/div>\n\t\t\t\t\t<\/div>\n\t\t<\/section>\n\t\t\t\t<\/div>","protected":false},"excerpt":{"rendered":"<p>This is not transactional engagement. It is institutional partnership and capability development \u2014 built to last. ICC Credit Capital empowers organizations at the intersection of trade, technology, and institutional innovation. We connect markets, accelerate transformation, and build resilient, future-driven business ecosystems. We do not act as a vendor or conventional partner.We operate as a\u00a0strategic power [&hellip;]<\/p>\n","protected":false},"author":1,"featured_media":0,"parent":0,"menu_order":0,"comment_status":"closed","ping_status":"closed","template":"page-full-width.php","meta":{"footnotes":""},"class_list":["post-1140","page","type-page","status-publish","hentry"],"_links":{"self":[{"href":"https:\/\/icccreditcapital.com\/tr\/wp-json\/wp\/v2\/pages\/1140","targetHints":{"allow":["GET"]}}],"collection":[{"href":"https:\/\/icccreditcapital.com\/tr\/wp-json\/wp\/v2\/pages"}],"about":[{"href":"https:\/\/icccreditcapital.com\/tr\/wp-json\/wp\/v2\/types\/page"}],"author":[{"embeddable":true,"href":"https:\/\/icccreditcapital.com\/tr\/wp-json\/wp\/v2\/users\/1"}],"replies":[{"embeddable":true,"href":"https:\/\/icccreditcapital.com\/tr\/wp-json\/wp\/v2\/comments?post=1140"}],"version-history":[{"count":45,"href":"https:\/\/icccreditcapital.com\/tr\/wp-json\/wp\/v2\/pages\/1140\/revisions"}],"predecessor-version":[{"id":10706,"href":"https:\/\/icccreditcapital.com\/tr\/wp-json\/wp\/v2\/pages\/1140\/revisions\/10706"}],"wp:attachment":[{"href":"https:\/\/icccreditcapital.com\/tr\/wp-json\/wp\/v2\/media?parent=1140"}],"curies":[{"name":"wp","href":"https:\/\/api.w.org\/{rel}","templated":true}]}}