{"id":1936,"date":"2021-10-08T10:33:05","date_gmt":"2021-10-08T10:33:05","guid":{"rendered":"https:\/\/halstein.qodeinteractive.com\/?page_id=1936"},"modified":"2026-01-29T12:23:32","modified_gmt":"2026-01-29T12:23:32","slug":"get-in-touch","status":"publish","type":"page","link":"https:\/\/icccreditcapital.com\/tr\/get-in-touch\/","title":{"rendered":"\u0130leti\u015fime Ge\u00e7in"},"content":{"rendered":"<div data-elementor-type=\"wp-page\" data-elementor-id=\"1936\" class=\"elementor elementor-1936\" data-elementor-post-type=\"page\">\n\t\t\t\t\t\t<section data-particle_enable=\"false\" data-particle-mobile-disabled=\"false\" class=\"elementor-section elementor-top-section elementor-element elementor-element-864a44a elementor-section-full_width elementor-section-height-default elementor-section-height-default qodef-elementor-content-no\" data-id=\"864a44a\" data-element_type=\"section\" data-e-type=\"section\">\n\t\t\t\t\t\t<div class=\"elementor-container elementor-column-gap-default\">\n\t\t\t\t\t<div class=\"elementor-column elementor-col-100 elementor-top-column elementor-element elementor-element-a8590b2\" data-id=\"a8590b2\" data-element_type=\"column\" data-e-type=\"column\">\n\t\t\t<div class=\"elementor-widget-wrap elementor-element-populated\">\n\t\t\t\t\t\t<div class=\"elementor-element elementor-element-3d9fb45 elementor-widget elementor-widget-html\" data-id=\"3d9fb45\" data-element_type=\"widget\" data-e-type=\"widget\" data-widget_type=\"html.default\">\n\t\t\t\t\t<iframe src=\"https:\/\/www.google.com\/maps\/embed?pb=!1m18!1m12!1m3!1d2979.0299346660368!2d44.80264987591954!3d41.69828947665324!2m3!1f0!2f0!3f0!3m2!1i1024!2i768!4f13.1!3m3!1m2!1s0x40440ce41a20a8af%3A0x6558618c1964fd23!2sMtkvari%20Street%2C%20T&#39;bilisi%2C%20G%C3%BCrcistan!5e0!3m2!1str!2str!4v1769689152641!5m2!1str!2str\" width=\"600\" height=\"450\" style=\"border:0;\" allowfullscreen=\"\" loading=\"lazy\" referrerpolicy=\"no-referrer-when-downgrade\"><\/iframe>\t\t\t\t<\/div>\n\t\t\t\t\t<\/div>\n\t\t<\/div>\n\t\t\t\t\t<\/div>\n\t\t<\/section>\n\t\t<div data-particle_enable=\"false\" data-particle-mobile-disabled=\"false\" class=\"elementor-element elementor-element-6e075fa e-flex e-con-boxed qodef-elementor-content-no e-con e-parent\" data-id=\"6e075fa\" data-element_type=\"container\" data-e-type=\"container\">\n\t\t\t\t\t<div class=\"e-con-inner\">\n\t\t\t\t<div class=\"elementor-element elementor-element-19010da elementor-widget elementor-widget-spacer\" data-id=\"19010da\" data-element_type=\"widget\" data-e-type=\"widget\" data-widget_type=\"spacer.default\">\n\t\t\t\t\t\t\t<div class=\"elementor-spacer\">\n\t\t\t<div class=\"elementor-spacer-inner\"><\/div>\n\t\t<\/div>\n\t\t\t\t\t\t<\/div>\n\t\t\t\t\t<\/div>\n\t\t\t\t<\/div>\n\t\t<div data-particle_enable=\"false\" data-particle-mobile-disabled=\"false\" class=\"elementor-element elementor-element-933ccb4 e-flex e-con-boxed qodef-elementor-content-no e-con e-parent\" data-id=\"933ccb4\" data-element_type=\"container\" data-e-type=\"container\">\n\t\t\t\t\t<div class=\"e-con-inner\">\n\t\t<div data-particle_enable=\"false\" data-particle-mobile-disabled=\"false\" class=\"elementor-element elementor-element-2db5030 e-con-full e-flex qodef-elementor-content-no e-con e-child\" data-id=\"2db5030\" data-element_type=\"container\" data-e-type=\"container\">\n\t\t\t\t<div class=\"elementor-element elementor-element-821c21a elementor-widget elementor-widget-text-editor\" data-id=\"821c21a\" data-element_type=\"widget\" data-e-type=\"widget\" data-widget_type=\"text-editor.default\">\n\t\t\t\t\t\t\t\t\t<p><strong>ULUSLARARASI KRED\u0130 SERMAYES\u0130 LLC<\/strong><\/p><p><strong>Adres<\/strong>: G\u00fcrcistan, Tiflis, Krtsanisi B\u00f6lgesi, Mtkvari Caddesi N 1<br \/><br \/><strong>Telefon<\/strong>: <a href=\"tel:+905325609414\">+90 532 560 94 14<\/a><\/p><p><strong>Posta<\/strong>: <a href=\"mailto:info@icccreditcapital.com\">info@icccreditcapital.com<\/a><\/p>\t\t\t\t\t\t\t\t<\/div>\n\t\t\t\t<\/div>\n\t\t<div data-particle_enable=\"false\" data-particle-mobile-disabled=\"false\" class=\"elementor-element elementor-element-ad5be1f e-con-full e-flex qodef-elementor-content-no e-con e-child\" data-id=\"ad5be1f\" data-element_type=\"container\" data-e-type=\"container\">\n\t\t\t\t<\/div>\n\t\t\t\t\t<\/div>\n\t\t\t\t<\/div>\n\t\t\t\t<section data-particle_enable=\"false\" data-particle-mobile-disabled=\"false\" class=\"elementor-section elementor-top-section elementor-element elementor-element-d5183ac elementor-section-full_width qodef-elementor-content-grid elementor-section-height-default elementor-section-height-default\" data-id=\"d5183ac\" data-element_type=\"section\" data-e-type=\"section\">\n\t\t\t\t\t\t<div class=\"elementor-container elementor-column-gap-default\">\n\t\t\t\t\t<div class=\"elementor-column elementor-col-100 elementor-top-column elementor-element elementor-element-348b37e\" data-id=\"348b37e\" data-element_type=\"column\" data-e-type=\"column\">\n\t\t\t<div class=\"elementor-widget-wrap elementor-element-populated\">\n\t\t\t\t\t\t<div class=\"elementor-element elementor-element-83510ec elementor-widget elementor-widget-halstein_core_section_title\" data-id=\"83510ec\" data-element_type=\"widget\" data-e-type=\"widget\" data-widget_type=\"halstein_core_section_title.default\">\n\t\t\t\t<div class=\"elementor-widget-container\">\n\t\t\t\t\t<div class=\"qodef-shortcode qodef-m qodef-section-title qodef-alignment--left\">\n\t\t<h6 class=\"qodef-m-tagline\" >\n\t\tMesaj G\u00f6nder\t<\/h6>\n\t\t<h2 class=\"qodef-m-title\" >\n\t\t\t\t\tBizimle ileti\u015fime ge\u00e7mekten \u00e7ekinmeyin \t\t\t<\/h2>\n\t\t\t<\/div>\n\t\t\t\t<\/div>\n\t\t\t\t<\/div>\n\t\t\t\t<div class=\"elementor-element elementor-element-be23c0e elementor-widget elementor-widget-wp-widget-halstein_core_contact_form_7\" data-id=\"be23c0e\" data-element_type=\"widget\" data-e-type=\"widget\" data-widget_type=\"wp-widget-halstein_core_contact_form_7.default\">\n\t\t\t\t<div class=\"elementor-widget-container\">\n\t\t\t\t\t\t\t\t<div class=\"qodef-contact-form-7 qodef-button-layout--filled-one\" >\n\t\t\t\t\t\t\t\t\t\n<div class=\"wpcf7 no-js\" id=\"wpcf7-f2376-o1\" lang=\"en-US\" dir=\"ltr\" data-wpcf7-id=\"2376\">\n<div class=\"screen-reader-response\"><p role=\"status\" aria-live=\"polite\" aria-atomic=\"true\"><\/p> <ul><\/ul><\/div>\n<form action=\"\/tr\/wp-json\/wp\/v2\/pages\/1936#wpcf7-f2376-o1\" method=\"post\" class=\"wpcf7-form init cf7mls-no-scroll cf7mls-auto-return-first-step cf7mls-no-moving-animation\" aria-label=\"Contact form\" novalidate=\"novalidate\" data-status=\"init\" data-trp-original-action=\"\/tr\/wp-json\/wp\/v2\/pages\/1936#wpcf7-f2376-o1\">\n<fieldset class=\"hidden-fields-container\"><input type=\"hidden\" name=\"_wpcf7\" value=\"2376\" \/><input type=\"hidden\" name=\"_wpcf7_version\" value=\"6.1.5\" \/><input type=\"hidden\" name=\"_wpcf7_locale\" value=\"en_US\" \/><input type=\"hidden\" name=\"_wpcf7_unit_tag\" value=\"wpcf7-f2376-o1\" \/><input type=\"hidden\" name=\"_wpcf7_container_post\" value=\"0\" \/><input type=\"hidden\" name=\"_wpcf7_posted_data_hash\" value=\"\" \/>\n<\/fieldset>\n<div class=\"qodef-m-two-cols qodef--mixed qodef-grid qodef-layout--columns qodef-col-num--2 qodef-responsive--custom qodef-col-num--1440--2 qodef-col-num--1366--2 qodef-col-num--1024--2 qodef-col-num--768--1 qodef-col-num--680--1 qodef-col-num--480--1\">\n<div class=\"qodef-grid-inner\">\n<div class=\"qodef-grid-item\">\n<span class=\"wpcf7-form-control-wrap\" data-name=\"first-name\"><input size=\"40\" maxlength=\"400\" class=\"wpcf7-form-control wpcf7-text wpcf7-validates-as-required\" aria-required=\"true\" aria-invalid=\"false\" placeholder=\"\u0130lk ad\u0131*\" value=\"\" type=\"text\" name=\"first-name\" \/><\/span>\n<\/div>\n<div class=\"qodef-grid-item\">\n<span class=\"wpcf7-form-control-wrap\" data-name=\"last-name\"><input size=\"40\" maxlength=\"400\" class=\"wpcf7-form-control wpcf7-text wpcf7-validates-as-required\" aria-required=\"true\" aria-invalid=\"false\" placeholder=\"Soy isim*\" value=\"\" type=\"text\" name=\"last-name\" \/><\/span>\n<\/div>\n<div class=\"qodef-grid-item\">\n<span class=\"wpcf7-form-control-wrap\" data-name=\"email\"><input size=\"40\" maxlength=\"400\" class=\"wpcf7-form-control wpcf7-email wpcf7-validates-as-required wpcf7-text wpcf7-validates-as-email\" aria-required=\"true\" aria-invalid=\"false\" placeholder=\"E-posta*\" value=\"\" type=\"email\" name=\"email\" \/><\/span>\n<\/div>\n<div class=\"qodef-grid-item\">\n<span class=\"wpcf7-form-control-wrap\" data-name=\"website\"><input size=\"40\" maxlength=\"400\" class=\"wpcf7-form-control wpcf7-url wpcf7-validates-as-required wpcf7-text wpcf7-validates-as-url\" aria-required=\"true\" aria-invalid=\"false\" placeholder=\"Web sitesi*\" value=\"\" type=\"url\" name=\"website\" \/><\/span>\n<\/div>\n<\/div>\n<\/div>\n<span class=\"wpcf7-form-control-wrap\" data-name=\"message\"><textarea cols=\"40\" rows=\"3\" maxlength=\"2000\" class=\"wpcf7-form-control wpcf7-textarea wpcf7-validates-as-required qodef--validation-space\" aria-required=\"true\" aria-invalid=\"false\" placeholder=\"Mesaj*\" name=\"message\"><\/textarea><\/span>\n<button class=\"wpcf7-form-control wpcf7-submit qodef-button qodef-size--normal qodef-m\" type=\"submit\"><span class=\"qodef-m-text\">Mesaj G\u00f6nder<\/span><\/button><div class=\"wpcf7-response-output\" aria-hidden=\"true\"><\/div>\n<input type=\"hidden\" name=\"trp-form-language\" value=\"tr\"\/><\/form>\n<\/div>\n\t\t\t\t\t\t\t<\/div>\n\t\t\t\t\t\t\t<\/div>\n\t\t\t\t<\/div>\n\t\t\t\t\t<\/div>\n\t\t<\/div>\n\t\t\t\t\t<\/div>\n\t\t<\/section>\n\t\t\t\t<\/div>","protected":false},"excerpt":{"rendered":"<p>INTERNATIONAL CREDIT CAPITAL LLC Address: Georgia, Tblisi, Krtsanisi District, Mtkvari Street N 1 Phone: +90 532 560 94 14 Mail: info@icccreditcapital.com Submit inquiry Feel free to contact us<\/p>","protected":false},"author":1,"featured_media":0,"parent":0,"menu_order":0,"comment_status":"closed","ping_status":"closed","template":"page-full-width.php","meta":{"footnotes":""},"class_list":["post-1936","page","type-page","status-publish","hentry"],"_links":{"self":[{"href":"https:\/\/icccreditcapital.com\/tr\/wp-json\/wp\/v2\/pages\/1936","targetHints":{"allow":["GET"]}}],"collection":[{"href":"https:\/\/icccreditcapital.com\/tr\/wp-json\/wp\/v2\/pages"}],"about":[{"href":"https:\/\/icccreditcapital.com\/tr\/wp-json\/wp\/v2\/types\/page"}],"author":[{"embeddable":true,"href":"https:\/\/icccreditcapital.com\/tr\/wp-json\/wp\/v2\/users\/1"}],"replies":[{"embeddable":true,"href":"https:\/\/icccreditcapital.com\/tr\/wp-json\/wp\/v2\/comments?post=1936"}],"version-history":[{"count":15,"href":"https:\/\/icccreditcapital.com\/tr\/wp-json\/wp\/v2\/pages\/1936\/revisions"}],"predecessor-version":[{"id":10723,"href":"https:\/\/icccreditcapital.com\/tr\/wp-json\/wp\/v2\/pages\/1936\/revisions\/10723"}],"wp:attachment":[{"href":"https:\/\/icccreditcapital.com\/tr\/wp-json\/wp\/v2\/media?parent=1936"}],"curies":[{"name":"wp","href":"https:\/\/api.w.org\/{rel}","templated":true}]}}